{"id":411,"date":"2021-08-27T12:19:36","date_gmt":"2021-08-27T12:19:36","guid":{"rendered":"http:\/\/dummy.xtemos.com\/woodmart2\/elementor\/?post_type=product&#038;p=411"},"modified":"2024-06-13T04:49:09","modified_gmt":"2024-06-13T04:49:09","slug":"may-loc-nuoc-leveluk-k8","status":"publish","type":"product","link":"https:\/\/wiinconnect.com\/en\/product\/may-loc-nuoc-leveluk-k8\/","title":{"rendered":"M\u00e1y L\u1ecdc N\u01b0\u1edbc Leveluk K8 &#8211; M\u00e1y L\u1ecdc N\u01b0\u1edbc Ion H\u00f3a T\u1ed1t Nh\u1ea5t V\u1edbi 8 T\u1ea5m \u0110i\u1ec7n C\u1ef1c"},"content":{"rendered":"<p>Leveluk K8 c\u1ee7a Enagic l\u00e0 m\u00e1y ch\u1ed1ng oxy h\u00f3a m\u1ea1nh nh\u1ea5t c\u1ee7a h\u00e3ng, v\u1edbi 8 t\u1ea5m \u0111i\u1ec7n c\u1ef1c b\u1eb1ng titanium m\u1ea1 b\u1ea1ch kim. Thi\u1ebft b\u1ecb n\u00e0y c\u1ea3i thi\u1ec7n qu\u00e1 tr\u00ecnh ion h\u00f3a n\u01b0\u1edbc v\u00e0 t\u0103ng c\u01b0\u1eddng s\u1ea3n xu\u1ea5t ch\u1ea5t ch\u1ed1ng oxy h\u00f3a. K8 c\u00f3 m\u00e0n h\u00ecnh LCD m\u00e0u v\u00e0 h\u1ed7 tr\u1ee3 8 ng\u00f4n ng\u1eef, t\u1ef1 \u0111\u1ed9ng b\u1eadt\/t\u1eaft, v\u00e0 l\u00e0m s\u1ea1ch t\u1ef1 \u0111\u1ed9ng. M\u00e1y t\u1ea1o ra 5 lo\u1ea1i n\u01b0\u1edbc kh\u00e1c nhau, \u0111\u00e1p \u1ee9ng nhu c\u1ea7u \u0111a d\u1ea1ng c\u1ee7a ng\u01b0\u1eddi d\u00f9ng. S\u1ea3n ph\u1ea9m n\u00e0y ph\u00f9 h\u1ee3p cho c\u1ea3 gia \u0111\u00ecnh v\u00e0 doanh nghi\u1ec7p nh\u1ecf.<\/p>","protected":false},"excerpt":{"rendered":"<p>Leveluk K8 c\u1ee7a Enagic l\u00e0 m\u00e1y ch\u1ed1ng oxy h\u00f3a m\u1ea1nh nh\u1ea5t c\u1ee7a h\u00e3ng, v\u1edbi 8 t\u1ea5m \u0111i\u1ec7n c\u1ef1c b\u1eb1ng titanium m\u1ea1 b\u1ea1ch kim. Thi\u1ebft b\u1ecb n\u00e0y c\u1ea3i thi\u1ec7n qu\u00e1 tr\u00ecnh ion h\u00f3a n\u01b0\u1edbc v\u00e0 t\u0103ng c\u01b0\u1eddng s\u1ea3n xu\u1ea5t ch\u1ea5t ch\u1ed1ng oxy h\u00f3a. K8 c\u00f3 m\u00e0n h\u00ecnh LCD m\u00e0u v\u00e0 h\u1ed7 tr\u1ee3 8 ng\u00f4n ng\u1eef, t\u1ef1 \u0111\u1ed9ng b\u1eadt\/t\u1eaft, v\u00e0 l\u00e0m s\u1ea1ch t\u1ef1 \u0111\u1ed9ng. M\u00e1y t\u1ea1o ra 5 lo\u1ea1i n\u01b0\u1edbc kh\u00e1c nhau, \u0111\u00e1p \u1ee9ng nhu c\u1ea7u \u0111a d\u1ea1ng c\u1ee7a ng\u01b0\u1eddi d\u00f9ng. S\u1ea3n ph\u1ea9m n\u00e0y ph\u00f9 h\u1ee3p cho c\u1ea3 gia \u0111\u00ecnh v\u00e0 doanh nghi\u1ec7p nh\u1ecf.<\/p>","protected":false},"featured_media":15971,"template":"","meta":{"_eb_attr":""},"product_cat":[20],"product_tag":[],"class_list":{"0":"post-411","1":"product","2":"type-product","3":"status-publish","4":"has-post-thumbnail","6":"product_cat-may-loc-nuoc","8":"first","9":"instock","10":"shipping-taxable","11":"purchasable","12":"product-type-simple"},"yoast_head":"<!-- This site is optimized with the Yoast SEO plugin v23.9 - https:\/\/yoast.com\/wordpress\/plugins\/seo\/ -->\n<title>M\u00e1y L\u1ecdc N\u01b0\u1edbc Leveluk K8 - M\u00e1y L\u1ecdc N\u01b0\u1edbc Ion H\u00f3a T\u1ed1t Nh\u1ea5t V\u1edbi 8 T\u1ea5m \u0110i\u1ec7n C\u1ef1c - Wiinconnect - N\u1ec1n t\u1ea3ng k\u1ebft n\u1ed1i \u0111\u1ea1i l\u00fd<\/title>\n<meta name=\"robots\" content=\"index, follow, max-snippet:-1, max-image-preview:large, max-video-preview:-1\" \/>\n<link rel=\"canonical\" href=\"https:\/\/wiinconnect.com\/en\/product\/may-loc-nuoc-leveluk-k8\/\" \/>\n<meta property=\"og:locale\" content=\"en_US\" \/>\n<meta property=\"og:type\" content=\"article\" \/>\n<meta property=\"og:title\" content=\"M\u00e1y L\u1ecdc N\u01b0\u1edbc Leveluk K8 - M\u00e1y L\u1ecdc N\u01b0\u1edbc Ion H\u00f3a T\u1ed1t Nh\u1ea5t V\u1edbi 8 T\u1ea5m \u0110i\u1ec7n C\u1ef1c - Wiinconnect - N\u1ec1n t\u1ea3ng k\u1ebft n\u1ed1i \u0111\u1ea1i l\u00fd\" \/>\n<meta property=\"og:description\" content=\"Leveluk K8 c\u1ee7a Enagic l\u00e0 m\u00e1y ch\u1ed1ng oxy h\u00f3a m\u1ea1nh nh\u1ea5t c\u1ee7a h\u00e3ng, v\u1edbi 8 t\u1ea5m \u0111i\u1ec7n c\u1ef1c b\u1eb1ng titanium m\u1ea1 b\u1ea1ch kim. Thi\u1ebft b\u1ecb n\u00e0y c\u1ea3i thi\u1ec7n qu\u00e1 tr\u00ecnh ion h\u00f3a n\u01b0\u1edbc v\u00e0 t\u0103ng c\u01b0\u1eddng s\u1ea3n xu\u1ea5t ch\u1ea5t ch\u1ed1ng oxy h\u00f3a. K8 c\u00f3 m\u00e0n h\u00ecnh LCD m\u00e0u v\u00e0 h\u1ed7 tr\u1ee3 8 ng\u00f4n ng\u1eef, t\u1ef1 \u0111\u1ed9ng b\u1eadt\/t\u1eaft, v\u00e0 l\u00e0m s\u1ea1ch t\u1ef1 \u0111\u1ed9ng. M\u00e1y t\u1ea1o ra 5 lo\u1ea1i n\u01b0\u1edbc kh\u00e1c nhau, \u0111\u00e1p \u1ee9ng nhu c\u1ea7u \u0111a d\u1ea1ng c\u1ee7a ng\u01b0\u1eddi d\u00f9ng. S\u1ea3n ph\u1ea9m n\u00e0y ph\u00f9 h\u1ee3p cho c\u1ea3 gia \u0111\u00ecnh v\u00e0 doanh nghi\u1ec7p nh\u1ecf.\" \/>\n<meta property=\"og:url\" content=\"https:\/\/wiinconnect.com\/en\/product\/may-loc-nuoc-leveluk-k8\/\" \/>\n<meta property=\"og:site_name\" content=\"Wiinconnect - N\u1ec1n t\u1ea3ng k\u1ebft n\u1ed1i \u0111\u1ea1i l\u00fd\" \/>\n<meta property=\"article:modified_time\" content=\"2024-06-13T04:49:09+00:00\" \/>\n<meta property=\"og:image\" content=\"https:\/\/wiinconnect.com\/wp-content\/uploads\/2021\/08\/K8.jpg\" \/>\n\t<meta property=\"og:image:width\" content=\"583\" \/>\n\t<meta property=\"og:image:height\" content=\"578\" \/>\n\t<meta property=\"og:image:type\" content=\"image\/jpeg\" \/>\n<meta name=\"twitter:card\" content=\"summary_large_image\" \/>\n<meta name=\"twitter:label1\" content=\"Est. reading time\" \/>\n\t<meta name=\"twitter:data1\" content=\"1 minute\" \/>\n<script type=\"application\/ld+json\" class=\"yoast-schema-graph\">{\"@context\":\"https:\/\/schema.org\",\"@graph\":[{\"@type\":\"WebPage\",\"@id\":\"https:\/\/wiinconnect.com\/product\/may-loc-nuoc-leveluk-k8\/\",\"url\":\"https:\/\/wiinconnect.com\/product\/may-loc-nuoc-leveluk-k8\/\",\"name\":\"M\u00e1y L\u1ecdc N\u01b0\u1edbc Leveluk K8 - M\u00e1y L\u1ecdc N\u01b0\u1edbc Ion H\u00f3a T\u1ed1t Nh\u1ea5t V\u1edbi 8 T\u1ea5m \u0110i\u1ec7n C\u1ef1c - Wiinconnect - N\u1ec1n t\u1ea3ng k\u1ebft n\u1ed1i \u0111\u1ea1i l\u00fd\",\"isPartOf\":{\"@id\":\"https:\/\/wiinconnect.com\/#website\"},\"primaryImageOfPage\":{\"@id\":\"https:\/\/wiinconnect.com\/product\/may-loc-nuoc-leveluk-k8\/#primaryimage\"},\"image\":{\"@id\":\"https:\/\/wiinconnect.com\/product\/may-loc-nuoc-leveluk-k8\/#primaryimage\"},\"thumbnailUrl\":\"https:\/\/wiinconnect.com\/wp-content\/uploads\/2021\/08\/K8.jpg\",\"datePublished\":\"2021-08-27T12:19:36+00:00\",\"dateModified\":\"2024-06-13T04:49:09+00:00\",\"breadcrumb\":{\"@id\":\"https:\/\/wiinconnect.com\/product\/may-loc-nuoc-leveluk-k8\/#breadcrumb\"},\"inLanguage\":\"en-US\",\"potentialAction\":[{\"@type\":\"ReadAction\",\"target\":[\"https:\/\/wiinconnect.com\/product\/may-loc-nuoc-leveluk-k8\/\"]}]},{\"@type\":\"ImageObject\",\"inLanguage\":\"en-US\",\"@id\":\"https:\/\/wiinconnect.com\/product\/may-loc-nuoc-leveluk-k8\/#primaryimage\",\"url\":\"https:\/\/wiinconnect.com\/wp-content\/uploads\/2021\/08\/K8.jpg\",\"contentUrl\":\"https:\/\/wiinconnect.com\/wp-content\/uploads\/2021\/08\/K8.jpg\",\"width\":583,\"height\":578},{\"@type\":\"BreadcrumbList\",\"@id\":\"https:\/\/wiinconnect.com\/product\/may-loc-nuoc-leveluk-k8\/#breadcrumb\",\"itemListElement\":[{\"@type\":\"ListItem\",\"position\":1,\"name\":\"Home\",\"item\":\"https:\/\/wiinconnect.com\/\"},{\"@type\":\"ListItem\",\"position\":2,\"name\":\"Shop\",\"item\":\"https:\/\/wiinconnect.com\/shop\/\"},{\"@type\":\"ListItem\",\"position\":3,\"name\":\"M\u00e1y L\u1ecdc N\u01b0\u1edbc Leveluk K8 &#8211; M\u00e1y L\u1ecdc N\u01b0\u1edbc Ion H\u00f3a T\u1ed1t Nh\u1ea5t V\u1edbi 8 T\u1ea5m \u0110i\u1ec7n C\u1ef1c\"}]},{\"@type\":\"WebSite\",\"@id\":\"https:\/\/wiinconnect.com\/#website\",\"url\":\"https:\/\/wiinconnect.com\/\",\"name\":\"Wiinconnect - N\u1ec1n t\u1ea3ng k\u1ebft n\u1ed1i \u0111\u1ea1i l\u00fd\",\"description\":\"Lan t\u1ecfa ngu\u1ed3n n\u01b0\u1edbc s\u1ea1ch\",\"potentialAction\":[{\"@type\":\"SearchAction\",\"target\":{\"@type\":\"EntryPoint\",\"urlTemplate\":\"https:\/\/wiinconnect.com\/?s={search_term_string}\"},\"query-input\":{\"@type\":\"PropertyValueSpecification\",\"valueRequired\":true,\"valueName\":\"search_term_string\"}}],\"inLanguage\":\"en-US\"}]}<\/script>\n<!-- \/ Yoast SEO plugin. -->","yoast_head_json":{"title":"M\u00e1y L\u1ecdc N\u01b0\u1edbc Leveluk K8 - M\u00e1y L\u1ecdc N\u01b0\u1edbc Ion H\u00f3a T\u1ed1t Nh\u1ea5t V\u1edbi 8 T\u1ea5m \u0110i\u1ec7n C\u1ef1c - Wiinconnect - N\u1ec1n t\u1ea3ng k\u1ebft n\u1ed1i \u0111\u1ea1i l\u00fd","robots":{"index":"index","follow":"follow","max-snippet":"max-snippet:-1","max-image-preview":"max-image-preview:large","max-video-preview":"max-video-preview:-1"},"canonical":"https:\/\/wiinconnect.com\/en\/product\/may-loc-nuoc-leveluk-k8\/","og_locale":"en_US","og_type":"article","og_title":"M\u00e1y L\u1ecdc N\u01b0\u1edbc Leveluk K8 - M\u00e1y L\u1ecdc N\u01b0\u1edbc Ion H\u00f3a T\u1ed1t Nh\u1ea5t V\u1edbi 8 T\u1ea5m \u0110i\u1ec7n C\u1ef1c - Wiinconnect - N\u1ec1n t\u1ea3ng k\u1ebft n\u1ed1i \u0111\u1ea1i l\u00fd","og_description":"Leveluk K8 c\u1ee7a Enagic l\u00e0 m\u00e1y ch\u1ed1ng oxy h\u00f3a m\u1ea1nh nh\u1ea5t c\u1ee7a h\u00e3ng, v\u1edbi 8 t\u1ea5m \u0111i\u1ec7n c\u1ef1c b\u1eb1ng titanium m\u1ea1 b\u1ea1ch kim. Thi\u1ebft b\u1ecb n\u00e0y c\u1ea3i thi\u1ec7n qu\u00e1 tr\u00ecnh ion h\u00f3a n\u01b0\u1edbc v\u00e0 t\u0103ng c\u01b0\u1eddng s\u1ea3n xu\u1ea5t ch\u1ea5t ch\u1ed1ng oxy h\u00f3a. K8 c\u00f3 m\u00e0n h\u00ecnh LCD m\u00e0u v\u00e0 h\u1ed7 tr\u1ee3 8 ng\u00f4n ng\u1eef, t\u1ef1 \u0111\u1ed9ng b\u1eadt\/t\u1eaft, v\u00e0 l\u00e0m s\u1ea1ch t\u1ef1 \u0111\u1ed9ng. M\u00e1y t\u1ea1o ra 5 lo\u1ea1i n\u01b0\u1edbc kh\u00e1c nhau, \u0111\u00e1p \u1ee9ng nhu c\u1ea7u \u0111a d\u1ea1ng c\u1ee7a ng\u01b0\u1eddi d\u00f9ng. S\u1ea3n ph\u1ea9m n\u00e0y ph\u00f9 h\u1ee3p cho c\u1ea3 gia \u0111\u00ecnh v\u00e0 doanh nghi\u1ec7p nh\u1ecf.","og_url":"https:\/\/wiinconnect.com\/en\/product\/may-loc-nuoc-leveluk-k8\/","og_site_name":"Wiinconnect - N\u1ec1n t\u1ea3ng k\u1ebft n\u1ed1i \u0111\u1ea1i l\u00fd","article_modified_time":"2024-06-13T04:49:09+00:00","og_image":[{"width":583,"height":578,"url":"https:\/\/wiinconnect.com\/wp-content\/uploads\/2021\/08\/K8.jpg","type":"image\/jpeg"}],"twitter_card":"summary_large_image","twitter_misc":{"Est. reading time":"1 minute"},"schema":{"@context":"https:\/\/schema.org","@graph":[{"@type":"WebPage","@id":"https:\/\/wiinconnect.com\/product\/may-loc-nuoc-leveluk-k8\/","url":"https:\/\/wiinconnect.com\/product\/may-loc-nuoc-leveluk-k8\/","name":"M\u00e1y L\u1ecdc N\u01b0\u1edbc Leveluk K8 - M\u00e1y L\u1ecdc N\u01b0\u1edbc Ion H\u00f3a T\u1ed1t Nh\u1ea5t V\u1edbi 8 T\u1ea5m \u0110i\u1ec7n C\u1ef1c - Wiinconnect - N\u1ec1n t\u1ea3ng k\u1ebft n\u1ed1i \u0111\u1ea1i l\u00fd","isPartOf":{"@id":"https:\/\/wiinconnect.com\/#website"},"primaryImageOfPage":{"@id":"https:\/\/wiinconnect.com\/product\/may-loc-nuoc-leveluk-k8\/#primaryimage"},"image":{"@id":"https:\/\/wiinconnect.com\/product\/may-loc-nuoc-leveluk-k8\/#primaryimage"},"thumbnailUrl":"https:\/\/wiinconnect.com\/wp-content\/uploads\/2021\/08\/K8.jpg","datePublished":"2021-08-27T12:19:36+00:00","dateModified":"2024-06-13T04:49:09+00:00","breadcrumb":{"@id":"https:\/\/wiinconnect.com\/product\/may-loc-nuoc-leveluk-k8\/#breadcrumb"},"inLanguage":"en-US","potentialAction":[{"@type":"ReadAction","target":["https:\/\/wiinconnect.com\/product\/may-loc-nuoc-leveluk-k8\/"]}]},{"@type":"ImageObject","inLanguage":"en-US","@id":"https:\/\/wiinconnect.com\/product\/may-loc-nuoc-leveluk-k8\/#primaryimage","url":"https:\/\/wiinconnect.com\/wp-content\/uploads\/2021\/08\/K8.jpg","contentUrl":"https:\/\/wiinconnect.com\/wp-content\/uploads\/2021\/08\/K8.jpg","width":583,"height":578},{"@type":"BreadcrumbList","@id":"https:\/\/wiinconnect.com\/product\/may-loc-nuoc-leveluk-k8\/#breadcrumb","itemListElement":[{"@type":"ListItem","position":1,"name":"Home","item":"https:\/\/wiinconnect.com\/"},{"@type":"ListItem","position":2,"name":"Shop","item":"https:\/\/wiinconnect.com\/shop\/"},{"@type":"ListItem","position":3,"name":"M\u00e1y L\u1ecdc N\u01b0\u1edbc Leveluk K8 &#8211; M\u00e1y L\u1ecdc N\u01b0\u1edbc Ion H\u00f3a T\u1ed1t Nh\u1ea5t V\u1edbi 8 T\u1ea5m \u0110i\u1ec7n C\u1ef1c"}]},{"@type":"WebSite","@id":"https:\/\/wiinconnect.com\/#website","url":"https:\/\/wiinconnect.com\/","name":"Wiinconnect - N\u1ec1n t\u1ea3ng k\u1ebft n\u1ed1i \u0111\u1ea1i l\u00fd","description":"Lan t\u1ecfa ngu\u1ed3n n\u01b0\u1edbc s\u1ea1ch","potentialAction":[{"@type":"SearchAction","target":{"@type":"EntryPoint","urlTemplate":"https:\/\/wiinconnect.com\/?s={search_term_string}"},"query-input":{"@type":"PropertyValueSpecification","valueRequired":true,"valueName":"search_term_string"}}],"inLanguage":"en-US"}]}},"_links":{"self":[{"href":"https:\/\/wiinconnect.com\/en\/wp-json\/wp\/v2\/product\/411","targetHints":{"allow":["GET"]}}],"collection":[{"href":"https:\/\/wiinconnect.com\/en\/wp-json\/wp\/v2\/product"}],"about":[{"href":"https:\/\/wiinconnect.com\/en\/wp-json\/wp\/v2\/types\/product"}],"version-history":[{"count":3,"href":"https:\/\/wiinconnect.com\/en\/wp-json\/wp\/v2\/product\/411\/revisions"}],"predecessor-version":[{"id":15974,"href":"https:\/\/wiinconnect.com\/en\/wp-json\/wp\/v2\/product\/411\/revisions\/15974"}],"wp:featuredmedia":[{"embeddable":true,"href":"https:\/\/wiinconnect.com\/en\/wp-json\/wp\/v2\/media\/15971"}],"wp:attachment":[{"href":"https:\/\/wiinconnect.com\/en\/wp-json\/wp\/v2\/media?parent=411"}],"wp:term":[{"taxonomy":"product_cat","embeddable":true,"href":"https:\/\/wiinconnect.com\/en\/wp-json\/wp\/v2\/product_cat?post=411"},{"taxonomy":"product_tag","embeddable":true,"href":"https:\/\/wiinconnect.com\/en\/wp-json\/wp\/v2\/product_tag?post=411"}],"curies":[{"name":"wp","href":"https:\/\/api.w.org\/{rel}","templated":true}]}}