{"id":16036,"date":"2024-06-13T13:53:54","date_gmt":"2024-06-13T13:53:54","guid":{"rendered":"https:\/\/wiinconnect.com\/?post_type=product&#038;p=16036"},"modified":"2024-06-13T14:02:04","modified_gmt":"2024-06-13T14:02:04","slug":"xa-phong-ukon-enagic-duong-da-tu-nhien-va-sach-sau","status":"publish","type":"product","link":"https:\/\/wiinconnect.com\/en\/product\/xa-phong-ukon-enagic-duong-da-tu-nhien-va-sach-sau\/","title":{"rendered":"X\u00e0 Ph\u00f2ng Ukon Enagic: D\u01b0\u1ee1ng Da T\u1ef1 Nhi\u00ean v\u00e0 S\u1ea1ch S\u00e2u"},"content":{"rendered":"<p>X\u00e0 ph\u00f2ng Ukon, m\u1ed9t s\u1ea3n ph\u1ea9m ch\u0103m s\u00f3c da \u0111\u1ed9c \u0111\u00e1o v\u00e0 hi\u1ec7u qu\u1ea3 t\u1eeb Enagic, m\u1ed9t trong nh\u1eefng th\u01b0\u01a1ng hi\u1ec7u n\u1ed5i ti\u1ebfng v\u1ec1 n\u01b0\u1edbc ion ki\u1ec1m. \u0110\u01b0\u1ee3c l\u00e0m t\u1eeb tinh d\u1ea7u Ukon (ng\u1ecdc n\u1eef), \u0111\u01b0\u1ee3c bi\u1ebft \u0111\u1ebfn v\u1edbi t\u00ednh n\u0103ng l\u00e0m s\u1ea1ch s\u00e2u v\u00e0 l\u00e0m d\u1ecbu da, x\u00e0 ph\u00f2ng Ukon h\u1ee9a h\u1eb9n mang l\u1ea1i s\u1ef1 t\u01b0\u01a1i m\u1edbi v\u00e0 s\u1ef1 m\u1ec1m m\u1ea1i cho l\u00e0n da c\u1ee7a b\u1ea1n.<\/p>\n<p>V\u1edbi th\u00e0nh ph\u1ea7n t\u1ef1 nhi\u00ean v\u00e0 gi\u00e0u ch\u1ea5t ch\u1ed1ng oxy h\u00f3a, x\u00e0 ph\u00f2ng Ukon kh\u00f4ng ch\u1ec9 l\u00e0m s\u1ea1ch s\u00e2u m\u00e0 c\u00f2n gi\u00fap duy tr\u00ec \u0111\u1ed9 \u1ea9m t\u1ef1 nhi\u00ean c\u1ee7a da, l\u00e0m cho da tr\u1edf n\u00ean m\u1ec1m m\u1ea1i v\u00e0 m\u1ecbn m\u00e0ng h\u01a1n sau m\u1ed7i l\u1ea7n s\u1eed d\u1ee5ng. S\u1ea3n ph\u1ea9m \u0111\u01b0\u1ee3c thi\u1ebft k\u1ebf \u0111\u1eb7c bi\u1ec7t \u0111\u1ec3 ph\u00f9 h\u1ee3p v\u1edbi m\u1ecdi lo\u1ea1i da, k\u1ec3 c\u1ea3 da nh\u1ea1y c\u1ea3m, gi\u00fap gi\u1ea3m thi\u1ec3u t\u00ecnh tr\u1ea1ng k\u00edch \u1ee9ng v\u00e0 m\u1ea9n \u0111\u1ecf.<\/p>\n<p>X\u00e0 ph\u00f2ng Ukon kh\u00f4ng ch\u1ee9a h\u01b0\u01a1ng li\u1ec7u nh\u00e2n t\u1ea1o hay c\u00e1c ch\u1ea5t g\u00e2y h\u1ea1i, l\u00e0 l\u1ef1a ch\u1ecdn l\u00fd t\u01b0\u1edfng cho nh\u1eefng ai quan t\u00e2m \u0111\u1ebfn vi\u1ec7c b\u1ea3o v\u1ec7 v\u00e0 nu\u00f4i d\u01b0\u1ee1ng l\u00e0n da m\u1ed9t c\u00e1ch t\u1ef1 nhi\u00ean. \u0110\u1eb7c bi\u1ec7t, s\u1ea3n ph\u1ea9m n\u00e0y c\u00f2n mang \u0111\u1ebfn m\u1ed9t tr\u1ea3i nghi\u1ec7m tinh t\u1ebf v\u1edbi h\u01b0\u01a1ng th\u01a1m nh\u1eb9 nh\u00e0ng t\u1eeb tinh d\u1ea7u Ukon, gi\u00fap b\u1ea1n th\u01b0 gi\u00e3n sau m\u1ed9t ng\u00e0y l\u00e0m vi\u1ec7c c\u0103ng th\u1eb3ng.<\/p>\n<p>Ngo\u00e0i ra, khi s\u1eed d\u1ee5ng x\u00e0 ph\u00f2ng Ukon, b\u1ea1n c\u0169ng \u0111\u00f3ng g\u00f3p v\u00e0o vi\u1ec7c b\u1ea3o v\u1ec7 m\u00f4i tr\u01b0\u1eddng v\u00ec s\u1ea3n ph\u1ea9m \u0111\u01b0\u1ee3c \u0111\u00f3ng g\u00f3i v\u00e0 s\u1ea3n xu\u1ea5t v\u1edbi c\u00e1c ti\u00eau chu\u1ea9n b\u1ec1n v\u1eefng, h\u1ea1n ch\u1ebf t\u1ed1i \u0111a t\u00e1c \u0111\u1ed9ng \u0111\u1ebfn m\u00f4i tr\u01b0\u1eddng.<\/p>\n<p>T\u00f3m l\u1ea1i, x\u00e0 ph\u00f2ng Ukon c\u1ee7a Enagic kh\u00f4ng ch\u1ec9 l\u00e0 m\u1ed9t s\u1ea3n ph\u1ea9m l\u00e0m s\u1ea1ch da m\u00e0 c\u00f2n l\u00e0 s\u1ef1 k\u1ebft h\u1ee3p ho\u00e0n h\u1ea3o gi\u1eefa hi\u1ec7u qu\u1ea3 v\u00e0 s\u1ef1 t\u1ef1 nhi\u00ean, mang \u0111\u1ebfn cho b\u1ea1n l\u00e0n da kh\u1ecfe m\u1ea1nh v\u00e0 t\u01b0\u01a1i m\u1edbi t\u1eebng ng\u00e0y.<\/p>","protected":false},"excerpt":{"rendered":"<ul>\n<li><strong>Tinh d\u1ea7u Ukon t\u1ef1 nhi\u00ean<\/strong>: V\u1edbi t\u00ednh n\u0103ng l\u00e0m s\u1ea1ch s\u00e2u v\u00e0 l\u00e0m d\u1ecbu da.<\/li>\n<li><strong>Gi\u1eef \u1ea9m v\u00e0 l\u00e0m m\u1ec1m da<\/strong>: \u0110\u1ea3m b\u1ea3o da lu\u00f4n m\u1ecbn m\u00e0ng v\u00e0 kh\u00f4ng b\u1ecb kh\u00f4 sau m\u1ed7i l\u1ea7n s\u1eed d\u1ee5ng.<\/li>\n<li><strong>Ph\u00f9 h\u1ee3p v\u1edbi m\u1ecdi lo\u1ea1i da<\/strong>: C\u1ea3 da nh\u1ea1y c\u1ea3m c\u0169ng c\u00f3 th\u1ec3 s\u1eed d\u1ee5ng m\u00e0 kh\u00f4ng g\u00e2y k\u00edch \u1ee9ng.<\/li>\n<li><strong>Thi\u1ebft k\u1ebf b\u1ec1n v\u1eefng<\/strong>: \u0110\u00f3ng g\u00f3i v\u00e0 s\u1ea3n xu\u1ea5t v\u1edbi c\u00e1c ti\u00eau chu\u1ea9n b\u1ea3o v\u1ec7 m\u00f4i tr\u01b0\u1eddng.<\/li>\n<li><strong>H\u01b0\u01a1ng th\u01a1m t\u1ef1 nhi\u00ean t\u1eeb tinh d\u1ea7u Ukon<\/strong>: Gi\u00fap th\u01b0 gi\u00e3n v\u00e0 l\u00e0m m\u1edbi tinh th\u1ea7n sau m\u1ed7i l\u1ea7n t\u1eafm.<\/li>\n<li><strong>L\u1ef1a ch\u1ecdn an to\u00e0n<\/strong>: Kh\u00f4ng ch\u1ee9a h\u01b0\u01a1ng li\u1ec7u nh\u00e2n t\u1ea1o hay c\u00e1c ch\u1ea5t g\u00e2y h\u1ea1i, \u0111\u1ea3m b\u1ea3o an to\u00e0n cho l\u00e0n da c\u1ee7a b\u1ea1n.<\/li>\n<\/ul>","protected":false},"featured_media":16037,"template":"","meta":{"_eb_attr":""},"product_cat":[53],"product_tag":[],"class_list":{"0":"post-16036","1":"product","2":"type-product","3":"status-publish","4":"has-post-thumbnail","6":"product_cat-tinh-nghe-ukon","8":"first","9":"instock","10":"shipping-taxable","11":"purchasable","12":"product-type-simple"},"yoast_head":"<!-- This site is optimized with the Yoast SEO plugin v23.9 - https:\/\/yoast.com\/wordpress\/plugins\/seo\/ -->\n<title>X\u00e0 Ph\u00f2ng Ukon Enagic: D\u01b0\u1ee1ng Da T\u1ef1 Nhi\u00ean v\u00e0 S\u1ea1ch S\u00e2u - Wiinconnect - N\u1ec1n t\u1ea3ng k\u1ebft n\u1ed1i \u0111\u1ea1i l\u00fd<\/title>\n<meta name=\"robots\" content=\"index, follow, max-snippet:-1, max-image-preview:large, max-video-preview:-1\" \/>\n<link rel=\"canonical\" href=\"https:\/\/wiinconnect.com\/en\/product\/xa-phong-ukon-enagic-duong-da-tu-nhien-va-sach-sau\/\" \/>\n<meta property=\"og:locale\" content=\"en_US\" \/>\n<meta property=\"og:type\" content=\"article\" \/>\n<meta property=\"og:title\" content=\"X\u00e0 Ph\u00f2ng Ukon Enagic: D\u01b0\u1ee1ng Da T\u1ef1 Nhi\u00ean v\u00e0 S\u1ea1ch S\u00e2u - Wiinconnect - N\u1ec1n t\u1ea3ng k\u1ebft n\u1ed1i \u0111\u1ea1i l\u00fd\" \/>\n<meta property=\"og:description\" content=\"Tinh d\u1ea7u Ukon t\u1ef1 nhi\u00ean: V\u1edbi t\u00ednh n\u0103ng l\u00e0m s\u1ea1ch s\u00e2u v\u00e0 l\u00e0m d\u1ecbu da.  Gi\u1eef \u1ea9m v\u00e0 l\u00e0m m\u1ec1m da: \u0110\u1ea3m b\u1ea3o da lu\u00f4n m\u1ecbn m\u00e0ng v\u00e0 kh\u00f4ng b\u1ecb kh\u00f4 sau m\u1ed7i l\u1ea7n s\u1eed d\u1ee5ng.  Ph\u00f9 h\u1ee3p v\u1edbi m\u1ecdi lo\u1ea1i da: C\u1ea3 da nh\u1ea1y c\u1ea3m c\u0169ng c\u00f3 th\u1ec3 s\u1eed d\u1ee5ng m\u00e0 kh\u00f4ng g\u00e2y k\u00edch \u1ee9ng.  Thi\u1ebft k\u1ebf b\u1ec1n v\u1eefng: \u0110\u00f3ng g\u00f3i v\u00e0 s\u1ea3n xu\u1ea5t v\u1edbi c\u00e1c ti\u00eau chu\u1ea9n b\u1ea3o v\u1ec7 m\u00f4i tr\u01b0\u1eddng.  H\u01b0\u01a1ng th\u01a1m t\u1ef1 nhi\u00ean t\u1eeb tinh d\u1ea7u Ukon: Gi\u00fap th\u01b0 gi\u00e3n v\u00e0 l\u00e0m m\u1edbi tinh th\u1ea7n sau m\u1ed7i l\u1ea7n t\u1eafm.  L\u1ef1a ch\u1ecdn an to\u00e0n: Kh\u00f4ng ch\u1ee9a h\u01b0\u01a1ng li\u1ec7u nh\u00e2n t\u1ea1o hay c\u00e1c ch\u1ea5t g\u00e2y h\u1ea1i, \u0111\u1ea3m b\u1ea3o an to\u00e0n cho l\u00e0n da c\u1ee7a b\u1ea1n.\" \/>\n<meta property=\"og:url\" content=\"https:\/\/wiinconnect.com\/en\/product\/xa-phong-ukon-enagic-duong-da-tu-nhien-va-sach-sau\/\" \/>\n<meta property=\"og:site_name\" content=\"Wiinconnect - N\u1ec1n t\u1ea3ng k\u1ebft n\u1ed1i \u0111\u1ea1i l\u00fd\" \/>\n<meta property=\"article:modified_time\" content=\"2024-06-13T14:02:04+00:00\" \/>\n<meta property=\"og:image\" content=\"https:\/\/wiinconnect.com\/wp-content\/uploads\/2024\/06\/4044_1.jpg\" \/>\n\t<meta property=\"og:image:width\" content=\"700\" \/>\n\t<meta property=\"og:image:height\" content=\"700\" \/>\n\t<meta property=\"og:image:type\" content=\"image\/jpeg\" \/>\n<meta name=\"twitter:card\" content=\"summary_large_image\" \/>\n<meta name=\"twitter:label1\" content=\"Est. reading time\" \/>\n\t<meta name=\"twitter:data1\" content=\"2 minutes\" \/>\n<script type=\"application\/ld+json\" class=\"yoast-schema-graph\">{\"@context\":\"https:\/\/schema.org\",\"@graph\":[{\"@type\":\"WebPage\",\"@id\":\"https:\/\/wiinconnect.com\/product\/xa-phong-ukon-enagic-duong-da-tu-nhien-va-sach-sau\/\",\"url\":\"https:\/\/wiinconnect.com\/product\/xa-phong-ukon-enagic-duong-da-tu-nhien-va-sach-sau\/\",\"name\":\"X\u00e0 Ph\u00f2ng Ukon Enagic: D\u01b0\u1ee1ng Da T\u1ef1 Nhi\u00ean v\u00e0 S\u1ea1ch S\u00e2u - Wiinconnect - N\u1ec1n t\u1ea3ng k\u1ebft n\u1ed1i \u0111\u1ea1i l\u00fd\",\"isPartOf\":{\"@id\":\"https:\/\/wiinconnect.com\/#website\"},\"primaryImageOfPage\":{\"@id\":\"https:\/\/wiinconnect.com\/product\/xa-phong-ukon-enagic-duong-da-tu-nhien-va-sach-sau\/#primaryimage\"},\"image\":{\"@id\":\"https:\/\/wiinconnect.com\/product\/xa-phong-ukon-enagic-duong-da-tu-nhien-va-sach-sau\/#primaryimage\"},\"thumbnailUrl\":\"https:\/\/wiinconnect.com\/wp-content\/uploads\/2024\/06\/4044_1.jpg\",\"datePublished\":\"2024-06-13T13:53:54+00:00\",\"dateModified\":\"2024-06-13T14:02:04+00:00\",\"breadcrumb\":{\"@id\":\"https:\/\/wiinconnect.com\/product\/xa-phong-ukon-enagic-duong-da-tu-nhien-va-sach-sau\/#breadcrumb\"},\"inLanguage\":\"en-US\",\"potentialAction\":[{\"@type\":\"ReadAction\",\"target\":[\"https:\/\/wiinconnect.com\/product\/xa-phong-ukon-enagic-duong-da-tu-nhien-va-sach-sau\/\"]}]},{\"@type\":\"ImageObject\",\"inLanguage\":\"en-US\",\"@id\":\"https:\/\/wiinconnect.com\/product\/xa-phong-ukon-enagic-duong-da-tu-nhien-va-sach-sau\/#primaryimage\",\"url\":\"https:\/\/wiinconnect.com\/wp-content\/uploads\/2024\/06\/4044_1.jpg\",\"contentUrl\":\"https:\/\/wiinconnect.com\/wp-content\/uploads\/2024\/06\/4044_1.jpg\",\"width\":700,\"height\":700},{\"@type\":\"BreadcrumbList\",\"@id\":\"https:\/\/wiinconnect.com\/product\/xa-phong-ukon-enagic-duong-da-tu-nhien-va-sach-sau\/#breadcrumb\",\"itemListElement\":[{\"@type\":\"ListItem\",\"position\":1,\"name\":\"Home\",\"item\":\"https:\/\/wiinconnect.com\/\"},{\"@type\":\"ListItem\",\"position\":2,\"name\":\"Shop\",\"item\":\"https:\/\/wiinconnect.com\/shop\/\"},{\"@type\":\"ListItem\",\"position\":3,\"name\":\"X\u00e0 Ph\u00f2ng Ukon Enagic: D\u01b0\u1ee1ng Da T\u1ef1 Nhi\u00ean v\u00e0 S\u1ea1ch S\u00e2u\"}]},{\"@type\":\"WebSite\",\"@id\":\"https:\/\/wiinconnect.com\/#website\",\"url\":\"https:\/\/wiinconnect.com\/\",\"name\":\"Wiinconnect - N\u1ec1n t\u1ea3ng k\u1ebft n\u1ed1i \u0111\u1ea1i l\u00fd\",\"description\":\"Lan t\u1ecfa ngu\u1ed3n n\u01b0\u1edbc s\u1ea1ch\",\"potentialAction\":[{\"@type\":\"SearchAction\",\"target\":{\"@type\":\"EntryPoint\",\"urlTemplate\":\"https:\/\/wiinconnect.com\/?s={search_term_string}\"},\"query-input\":{\"@type\":\"PropertyValueSpecification\",\"valueRequired\":true,\"valueName\":\"search_term_string\"}}],\"inLanguage\":\"en-US\"}]}<\/script>\n<!-- \/ Yoast SEO plugin. -->","yoast_head_json":{"title":"X\u00e0 Ph\u00f2ng Ukon Enagic: D\u01b0\u1ee1ng Da T\u1ef1 Nhi\u00ean v\u00e0 S\u1ea1ch S\u00e2u - Wiinconnect - N\u1ec1n t\u1ea3ng k\u1ebft n\u1ed1i \u0111\u1ea1i l\u00fd","robots":{"index":"index","follow":"follow","max-snippet":"max-snippet:-1","max-image-preview":"max-image-preview:large","max-video-preview":"max-video-preview:-1"},"canonical":"https:\/\/wiinconnect.com\/en\/product\/xa-phong-ukon-enagic-duong-da-tu-nhien-va-sach-sau\/","og_locale":"en_US","og_type":"article","og_title":"X\u00e0 Ph\u00f2ng Ukon Enagic: D\u01b0\u1ee1ng Da T\u1ef1 Nhi\u00ean v\u00e0 S\u1ea1ch S\u00e2u - Wiinconnect - N\u1ec1n t\u1ea3ng k\u1ebft n\u1ed1i \u0111\u1ea1i l\u00fd","og_description":"Tinh d\u1ea7u Ukon t\u1ef1 nhi\u00ean: V\u1edbi t\u00ednh n\u0103ng l\u00e0m s\u1ea1ch s\u00e2u v\u00e0 l\u00e0m d\u1ecbu da.  Gi\u1eef \u1ea9m v\u00e0 l\u00e0m m\u1ec1m da: \u0110\u1ea3m b\u1ea3o da lu\u00f4n m\u1ecbn m\u00e0ng v\u00e0 kh\u00f4ng b\u1ecb kh\u00f4 sau m\u1ed7i l\u1ea7n s\u1eed d\u1ee5ng.  Ph\u00f9 h\u1ee3p v\u1edbi m\u1ecdi lo\u1ea1i da: C\u1ea3 da nh\u1ea1y c\u1ea3m c\u0169ng c\u00f3 th\u1ec3 s\u1eed d\u1ee5ng m\u00e0 kh\u00f4ng g\u00e2y k\u00edch \u1ee9ng.  Thi\u1ebft k\u1ebf b\u1ec1n v\u1eefng: \u0110\u00f3ng g\u00f3i v\u00e0 s\u1ea3n xu\u1ea5t v\u1edbi c\u00e1c ti\u00eau chu\u1ea9n b\u1ea3o v\u1ec7 m\u00f4i tr\u01b0\u1eddng.  H\u01b0\u01a1ng th\u01a1m t\u1ef1 nhi\u00ean t\u1eeb tinh d\u1ea7u Ukon: Gi\u00fap th\u01b0 gi\u00e3n v\u00e0 l\u00e0m m\u1edbi tinh th\u1ea7n sau m\u1ed7i l\u1ea7n t\u1eafm.  L\u1ef1a ch\u1ecdn an to\u00e0n: Kh\u00f4ng ch\u1ee9a h\u01b0\u01a1ng li\u1ec7u nh\u00e2n t\u1ea1o hay c\u00e1c ch\u1ea5t g\u00e2y h\u1ea1i, \u0111\u1ea3m b\u1ea3o an to\u00e0n cho l\u00e0n da c\u1ee7a b\u1ea1n.","og_url":"https:\/\/wiinconnect.com\/en\/product\/xa-phong-ukon-enagic-duong-da-tu-nhien-va-sach-sau\/","og_site_name":"Wiinconnect - N\u1ec1n t\u1ea3ng k\u1ebft n\u1ed1i \u0111\u1ea1i l\u00fd","article_modified_time":"2024-06-13T14:02:04+00:00","og_image":[{"width":700,"height":700,"url":"https:\/\/wiinconnect.com\/wp-content\/uploads\/2024\/06\/4044_1.jpg","type":"image\/jpeg"}],"twitter_card":"summary_large_image","twitter_misc":{"Est. reading time":"2 minutes"},"schema":{"@context":"https:\/\/schema.org","@graph":[{"@type":"WebPage","@id":"https:\/\/wiinconnect.com\/product\/xa-phong-ukon-enagic-duong-da-tu-nhien-va-sach-sau\/","url":"https:\/\/wiinconnect.com\/product\/xa-phong-ukon-enagic-duong-da-tu-nhien-va-sach-sau\/","name":"X\u00e0 Ph\u00f2ng Ukon Enagic: D\u01b0\u1ee1ng Da T\u1ef1 Nhi\u00ean v\u00e0 S\u1ea1ch S\u00e2u - Wiinconnect - N\u1ec1n t\u1ea3ng k\u1ebft n\u1ed1i \u0111\u1ea1i l\u00fd","isPartOf":{"@id":"https:\/\/wiinconnect.com\/#website"},"primaryImageOfPage":{"@id":"https:\/\/wiinconnect.com\/product\/xa-phong-ukon-enagic-duong-da-tu-nhien-va-sach-sau\/#primaryimage"},"image":{"@id":"https:\/\/wiinconnect.com\/product\/xa-phong-ukon-enagic-duong-da-tu-nhien-va-sach-sau\/#primaryimage"},"thumbnailUrl":"https:\/\/wiinconnect.com\/wp-content\/uploads\/2024\/06\/4044_1.jpg","datePublished":"2024-06-13T13:53:54+00:00","dateModified":"2024-06-13T14:02:04+00:00","breadcrumb":{"@id":"https:\/\/wiinconnect.com\/product\/xa-phong-ukon-enagic-duong-da-tu-nhien-va-sach-sau\/#breadcrumb"},"inLanguage":"en-US","potentialAction":[{"@type":"ReadAction","target":["https:\/\/wiinconnect.com\/product\/xa-phong-ukon-enagic-duong-da-tu-nhien-va-sach-sau\/"]}]},{"@type":"ImageObject","inLanguage":"en-US","@id":"https:\/\/wiinconnect.com\/product\/xa-phong-ukon-enagic-duong-da-tu-nhien-va-sach-sau\/#primaryimage","url":"https:\/\/wiinconnect.com\/wp-content\/uploads\/2024\/06\/4044_1.jpg","contentUrl":"https:\/\/wiinconnect.com\/wp-content\/uploads\/2024\/06\/4044_1.jpg","width":700,"height":700},{"@type":"BreadcrumbList","@id":"https:\/\/wiinconnect.com\/product\/xa-phong-ukon-enagic-duong-da-tu-nhien-va-sach-sau\/#breadcrumb","itemListElement":[{"@type":"ListItem","position":1,"name":"Home","item":"https:\/\/wiinconnect.com\/"},{"@type":"ListItem","position":2,"name":"Shop","item":"https:\/\/wiinconnect.com\/shop\/"},{"@type":"ListItem","position":3,"name":"X\u00e0 Ph\u00f2ng Ukon Enagic: D\u01b0\u1ee1ng Da T\u1ef1 Nhi\u00ean v\u00e0 S\u1ea1ch S\u00e2u"}]},{"@type":"WebSite","@id":"https:\/\/wiinconnect.com\/#website","url":"https:\/\/wiinconnect.com\/","name":"Wiinconnect - N\u1ec1n t\u1ea3ng k\u1ebft n\u1ed1i \u0111\u1ea1i l\u00fd","description":"Lan t\u1ecfa ngu\u1ed3n n\u01b0\u1edbc s\u1ea1ch","potentialAction":[{"@type":"SearchAction","target":{"@type":"EntryPoint","urlTemplate":"https:\/\/wiinconnect.com\/?s={search_term_string}"},"query-input":{"@type":"PropertyValueSpecification","valueRequired":true,"valueName":"search_term_string"}}],"inLanguage":"en-US"}]}},"_links":{"self":[{"href":"https:\/\/wiinconnect.com\/en\/wp-json\/wp\/v2\/product\/16036","targetHints":{"allow":["GET"]}}],"collection":[{"href":"https:\/\/wiinconnect.com\/en\/wp-json\/wp\/v2\/product"}],"about":[{"href":"https:\/\/wiinconnect.com\/en\/wp-json\/wp\/v2\/types\/product"}],"version-history":[{"count":1,"href":"https:\/\/wiinconnect.com\/en\/wp-json\/wp\/v2\/product\/16036\/revisions"}],"predecessor-version":[{"id":16038,"href":"https:\/\/wiinconnect.com\/en\/wp-json\/wp\/v2\/product\/16036\/revisions\/16038"}],"wp:featuredmedia":[{"embeddable":true,"href":"https:\/\/wiinconnect.com\/en\/wp-json\/wp\/v2\/media\/16037"}],"wp:attachment":[{"href":"https:\/\/wiinconnect.com\/en\/wp-json\/wp\/v2\/media?parent=16036"}],"wp:term":[{"taxonomy":"product_cat","embeddable":true,"href":"https:\/\/wiinconnect.com\/en\/wp-json\/wp\/v2\/product_cat?post=16036"},{"taxonomy":"product_tag","embeddable":true,"href":"https:\/\/wiinconnect.com\/en\/wp-json\/wp\/v2\/product_tag?post=16036"}],"curies":[{"name":"wp","href":"https:\/\/api.w.org\/{rel}","templated":true}]}}