{"id":16033,"date":"2024-06-13T13:55:06","date_gmt":"2024-06-13T13:55:06","guid":{"rendered":"https:\/\/wiinconnect.com\/?post_type=product&#038;p=16033"},"modified":"2024-06-13T14:01:57","modified_gmt":"2024-06-13T14:01:57","slug":"ukon-turmeric-tea-suc-khoe-va-lan-da-tuoi-moi-tu-tu-nhien","status":"publish","type":"product","link":"https:\/\/wiinconnect.com\/en\/product\/ukon-turmeric-tea-suc-khoe-va-lan-da-tuoi-moi-tu-tu-nhien\/","title":{"rendered":"Ukon\u2122 Turmeric Tea: S\u1ee9c kh\u1ecfe v\u00e0 l\u00e0n da t\u01b0\u01a1i m\u1edbi t\u1eeb t\u1ef1 nhi\u00ean"},"content":{"rendered":"<p><strong>Ukon\u2122 (Turmeric) Tea<\/strong> l\u00e0 m\u1ed9t s\u1ea3n ph\u1ea9m \u0111\u1eb7c bi\u1ec7t \u0111\u01b0\u1ee3c cung c\u1ea5p b\u1edfi Enagic, m\u1ed9t c\u00f4ng ty n\u1ed5i ti\u1ebfng v\u1edbi c\u00e1c s\u1ea3n ph\u1ea9m ch\u0103m s\u00f3c s\u1ee9c kh\u1ecfe v\u00e0 l\u00e0m \u0111\u1eb9p. S\u1ea3n ph\u1ea9m n\u00e0y l\u00e0 m\u1ed9t trong nh\u1eefng s\u1ef1 k\u1ebft h\u1ee3p ho\u00e0n h\u1ea3o gi\u1eefa tr\u00e0 v\u00e0ng Ukon (nguy\u00ean li\u1ec7u t\u1eeb ngh\u1ec7 v\u00e0ng) v\u00e0 n\u01b0\u1edbc ion ki\u1ec1m s\u1ea3n xu\u1ea5t b\u1edfi c\u00f4ng ngh\u1ec7 n\u1ed5i ti\u1ebfng c\u1ee7a Enagic.<\/p>\n<p>Ukon\u2122 Tea l\u00e0 m\u1ed9t l\u1ef1a ch\u1ecdn l\u00fd t\u01b0\u1edfng cho nh\u1eefng ng\u01b0\u1eddi quan t\u00e2m \u0111\u1ebfn s\u1ee9c kh\u1ecfe v\u00e0 l\u00e0m \u0111\u1eb9p t\u1eeb b\u00ean trong. Ngh\u1ec7 v\u00e0ng \u0111\u01b0\u1ee3c bi\u1ebft \u0111\u1ebfn v\u1edbi t\u00ednh n\u0103ng ch\u1ed1ng oxy h\u00f3a m\u1ea1nh m\u1ebd v\u00e0 kh\u1ea3 n\u0103ng l\u00e0m d\u1ecbu da t\u1ef1 nhi\u00ean. K\u1ebft h\u1ee3p v\u1edbi n\u01b0\u1edbc ion ki\u1ec1m t\u1eeb Enagic, s\u1ea3n ph\u1ea9m n\u00e0y cung c\u1ea5p m\u1ed9t ngu\u1ed3n dinh d\u01b0\u1ee1ng qu\u00fd gi\u00e1 v\u00e0 h\u1ed7 tr\u1ee3 gi\u00fap c\u01a1 th\u1ec3 gi\u1eef g\u00ecn s\u1ee9c kh\u1ecfe t\u1ed1i \u01b0u.<\/p>\n<p>M\u1ed7i h\u1ed9p Ukon\u2122 Tea ch\u1ee9a c\u00e1c g\u00f3i t\u00fai l\u1ecdc ti\u1ec7n l\u1ee3i, d\u1ec5 s\u1eed d\u1ee5ng v\u00e0 gi\u1eef \u0111\u01b0\u1ee3c h\u01b0\u01a1ng v\u1ecb t\u01b0\u01a1i m\u1edbi c\u1ee7a tr\u00e0 Ukon. \u0110\u00e2y l\u00e0 m\u1ed9t c\u00e1ch ti\u1ec7n l\u1ee3i \u0111\u1ec3 b\u1ea1n c\u00f3 th\u1ec3 th\u01b0\u1edfng th\u1ee9c c\u00e1c l\u1ee3i \u00edch c\u1ee7a ngh\u1ec7 v\u00e0ng m\u1ed7i ng\u00e0y, v\u1edbi s\u1ef1 b\u1ea3o \u0111\u1ea3m v\u1ec1 ch\u1ea5t l\u01b0\u1ee3ng t\u1eeb Enagic.<\/p>\n<p>V\u1edbi cam k\u1ebft c\u1ee7a Enagic v\u1ec1 ch\u1ea5t l\u01b0\u1ee3ng v\u00e0 s\u1ef1 ph\u00e1t tri\u1ec3n b\u1ec1n v\u1eefng, Ukon\u2122 Tea kh\u00f4ng ch\u1ec9 \u0111\u01a1n gi\u1ea3n l\u00e0 m\u1ed9t s\u1ea3n ph\u1ea9m th\u1ef1c ph\u1ea9m b\u1ed5 sung m\u00e0 c\u00f2n l\u00e0 m\u1ed9t ph\u1ea7n trong l\u1ed1i s\u1ed1ng l\u00e0nh m\u1ea1nh v\u00e0 c\u00e2n b\u1eb1ng c\u1ee7a b\u1ea1n. H\u00e3y kh\u00e1m ph\u00e1 th\u00eam v\u1ec1 Ukon\u2122 Tea v\u00e0 c\u00e1c s\u1ea3n ph\u1ea9m ch\u0103m s\u00f3c s\u1ee9c kh\u1ecfe kh\u00e1c c\u1ee7a Enagic t\u1ea1i trang web c\u1ee7a h\u1ecd \u0111\u1ec3 t\u1eadn h\u01b0\u1edfng l\u1ee3i \u00edch to l\u1edbn cho s\u1ee9c kh\u1ecfe v\u00e0 l\u00e0n da c\u1ee7a b\u1ea1n.<\/p>","protected":false},"excerpt":{"rendered":"<ul>\n<li><strong>K\u1ebft h\u1ee3p \u0110\u1ed9c \u0110\u00e1o:<\/strong> S\u1ef1 k\u1ebft h\u1ee3p ho\u00e0n h\u1ea3o gi\u1eefa ngh\u1ec7 v\u00e0ng Ukon v\u00e0 n\u01b0\u1edbc ion ki\u1ec1m Enagic.<\/li>\n<li><strong>L\u1ee3i \u00edch S\u1ee9c kh\u1ecfe:<\/strong> B\u1ea3o v\u1ec7 v\u00e0 t\u0103ng c\u01b0\u1eddng s\u1ee9c kh\u1ecfe t\u1ef1 nhi\u00ean v\u1edbi t\u00ednh ch\u1ea5t ch\u1ed1ng oxy h\u00f3a c\u1ee7a ngh\u1ec7 v\u00e0ng.<\/li>\n<li><strong>D\u1ecbu da T\u1ef1 nhi\u00ean:<\/strong> H\u1ed7 tr\u1ee3 l\u00e0n da kh\u1ecfe m\u1ea1nh v\u00e0 t\u01b0\u01a1i m\u1edbi t\u1eeb b\u00ean trong.<\/li>\n<li><strong>Ti\u1ec7n l\u1ee3i v\u00e0 Ch\u1ea5t l\u01b0\u1ee3ng:<\/strong> G\u00f3i t\u00fai l\u1ecdc ti\u1ec7n l\u1ee3i gi\u1eef nguy\u00ean h\u01b0\u01a1ng v\u1ecb v\u00e0 ch\u1ea5t l\u01b0\u1ee3ng cao c\u1ee7a tr\u00e0 Ukon.<\/li>\n<li><strong>Cam k\u1ebft B\u1ec1n v\u1eefng:<\/strong> S\u1ea3n ph\u1ea9m ch\u0103m s\u00f3c s\u1ee9c kh\u1ecfe mang l\u1ea1i s\u1ef1 c\u00e2n b\u1eb1ng v\u00e0 l\u00e0nh m\u1ea1nh cho cu\u1ed9c s\u1ed1ng h\u00e0ng ng\u00e0y.<\/li>\n<\/ul>","protected":false},"featured_media":16034,"template":"","meta":{"_eb_attr":""},"product_cat":[53],"product_tag":[],"class_list":{"0":"post-16033","1":"product","2":"type-product","3":"status-publish","4":"has-post-thumbnail","6":"product_cat-tinh-nghe-ukon","8":"first","9":"instock","10":"shipping-taxable","11":"purchasable","12":"product-type-simple"},"yoast_head":"<!-- This site is optimized with the Yoast SEO plugin v23.9 - https:\/\/yoast.com\/wordpress\/plugins\/seo\/ -->\n<title>Ukon\u2122 Turmeric Tea: S\u1ee9c kh\u1ecfe v\u00e0 l\u00e0n da t\u01b0\u01a1i m\u1edbi t\u1eeb t\u1ef1 nhi\u00ean - Wiinconnect - N\u1ec1n t\u1ea3ng k\u1ebft n\u1ed1i \u0111\u1ea1i l\u00fd<\/title>\n<meta name=\"robots\" content=\"index, follow, max-snippet:-1, max-image-preview:large, max-video-preview:-1\" \/>\n<link rel=\"canonical\" href=\"https:\/\/wiinconnect.com\/en\/product\/ukon-turmeric-tea-suc-khoe-va-lan-da-tuoi-moi-tu-tu-nhien\/\" \/>\n<meta property=\"og:locale\" content=\"en_US\" \/>\n<meta property=\"og:type\" content=\"article\" \/>\n<meta property=\"og:title\" content=\"Ukon\u2122 Turmeric Tea: S\u1ee9c kh\u1ecfe v\u00e0 l\u00e0n da t\u01b0\u01a1i m\u1edbi t\u1eeb t\u1ef1 nhi\u00ean - Wiinconnect - N\u1ec1n t\u1ea3ng k\u1ebft n\u1ed1i \u0111\u1ea1i l\u00fd\" \/>\n<meta property=\"og:description\" content=\"K\u1ebft h\u1ee3p \u0110\u1ed9c \u0110\u00e1o: S\u1ef1 k\u1ebft h\u1ee3p ho\u00e0n h\u1ea3o gi\u1eefa ngh\u1ec7 v\u00e0ng Ukon v\u00e0 n\u01b0\u1edbc ion ki\u1ec1m Enagic.  L\u1ee3i \u00edch S\u1ee9c kh\u1ecfe: B\u1ea3o v\u1ec7 v\u00e0 t\u0103ng c\u01b0\u1eddng s\u1ee9c kh\u1ecfe t\u1ef1 nhi\u00ean v\u1edbi t\u00ednh ch\u1ea5t ch\u1ed1ng oxy h\u00f3a c\u1ee7a ngh\u1ec7 v\u00e0ng.  D\u1ecbu da T\u1ef1 nhi\u00ean: H\u1ed7 tr\u1ee3 l\u00e0n da kh\u1ecfe m\u1ea1nh v\u00e0 t\u01b0\u01a1i m\u1edbi t\u1eeb b\u00ean trong.  Ti\u1ec7n l\u1ee3i v\u00e0 Ch\u1ea5t l\u01b0\u1ee3ng: G\u00f3i t\u00fai l\u1ecdc ti\u1ec7n l\u1ee3i gi\u1eef nguy\u00ean h\u01b0\u01a1ng v\u1ecb v\u00e0 ch\u1ea5t l\u01b0\u1ee3ng cao c\u1ee7a tr\u00e0 Ukon.  Cam k\u1ebft B\u1ec1n v\u1eefng: S\u1ea3n ph\u1ea9m ch\u0103m s\u00f3c s\u1ee9c kh\u1ecfe mang l\u1ea1i s\u1ef1 c\u00e2n b\u1eb1ng v\u00e0 l\u00e0nh m\u1ea1nh cho cu\u1ed9c s\u1ed1ng h\u00e0ng ng\u00e0y.\" \/>\n<meta property=\"og:url\" content=\"https:\/\/wiinconnect.com\/en\/product\/ukon-turmeric-tea-suc-khoe-va-lan-da-tuoi-moi-tu-tu-nhien\/\" \/>\n<meta property=\"og:site_name\" content=\"Wiinconnect - N\u1ec1n t\u1ea3ng k\u1ebft n\u1ed1i \u0111\u1ea1i l\u00fd\" \/>\n<meta property=\"article:modified_time\" content=\"2024-06-13T14:01:57+00:00\" \/>\n<meta property=\"og:image\" content=\"https:\/\/wiinconnect.com\/wp-content\/uploads\/2024\/06\/4043_1_1.jpg\" \/>\n\t<meta property=\"og:image:width\" content=\"700\" \/>\n\t<meta property=\"og:image:height\" content=\"700\" \/>\n\t<meta property=\"og:image:type\" content=\"image\/jpeg\" \/>\n<meta name=\"twitter:card\" content=\"summary_large_image\" \/>\n<meta name=\"twitter:label1\" content=\"Est. reading time\" \/>\n\t<meta name=\"twitter:data1\" content=\"2 minutes\" \/>\n<script type=\"application\/ld+json\" class=\"yoast-schema-graph\">{\"@context\":\"https:\/\/schema.org\",\"@graph\":[{\"@type\":\"WebPage\",\"@id\":\"https:\/\/wiinconnect.com\/product\/ukon-turmeric-tea-suc-khoe-va-lan-da-tuoi-moi-tu-tu-nhien\/\",\"url\":\"https:\/\/wiinconnect.com\/product\/ukon-turmeric-tea-suc-khoe-va-lan-da-tuoi-moi-tu-tu-nhien\/\",\"name\":\"Ukon\u2122 Turmeric Tea: S\u1ee9c kh\u1ecfe v\u00e0 l\u00e0n da t\u01b0\u01a1i m\u1edbi t\u1eeb t\u1ef1 nhi\u00ean - Wiinconnect - N\u1ec1n t\u1ea3ng k\u1ebft n\u1ed1i \u0111\u1ea1i l\u00fd\",\"isPartOf\":{\"@id\":\"https:\/\/wiinconnect.com\/#website\"},\"primaryImageOfPage\":{\"@id\":\"https:\/\/wiinconnect.com\/product\/ukon-turmeric-tea-suc-khoe-va-lan-da-tuoi-moi-tu-tu-nhien\/#primaryimage\"},\"image\":{\"@id\":\"https:\/\/wiinconnect.com\/product\/ukon-turmeric-tea-suc-khoe-va-lan-da-tuoi-moi-tu-tu-nhien\/#primaryimage\"},\"thumbnailUrl\":\"https:\/\/wiinconnect.com\/wp-content\/uploads\/2024\/06\/4043_1_1.jpg\",\"datePublished\":\"2024-06-13T13:55:06+00:00\",\"dateModified\":\"2024-06-13T14:01:57+00:00\",\"breadcrumb\":{\"@id\":\"https:\/\/wiinconnect.com\/product\/ukon-turmeric-tea-suc-khoe-va-lan-da-tuoi-moi-tu-tu-nhien\/#breadcrumb\"},\"inLanguage\":\"en-US\",\"potentialAction\":[{\"@type\":\"ReadAction\",\"target\":[\"https:\/\/wiinconnect.com\/product\/ukon-turmeric-tea-suc-khoe-va-lan-da-tuoi-moi-tu-tu-nhien\/\"]}]},{\"@type\":\"ImageObject\",\"inLanguage\":\"en-US\",\"@id\":\"https:\/\/wiinconnect.com\/product\/ukon-turmeric-tea-suc-khoe-va-lan-da-tuoi-moi-tu-tu-nhien\/#primaryimage\",\"url\":\"https:\/\/wiinconnect.com\/wp-content\/uploads\/2024\/06\/4043_1_1.jpg\",\"contentUrl\":\"https:\/\/wiinconnect.com\/wp-content\/uploads\/2024\/06\/4043_1_1.jpg\",\"width\":700,\"height\":700},{\"@type\":\"BreadcrumbList\",\"@id\":\"https:\/\/wiinconnect.com\/product\/ukon-turmeric-tea-suc-khoe-va-lan-da-tuoi-moi-tu-tu-nhien\/#breadcrumb\",\"itemListElement\":[{\"@type\":\"ListItem\",\"position\":1,\"name\":\"Home\",\"item\":\"https:\/\/wiinconnect.com\/\"},{\"@type\":\"ListItem\",\"position\":2,\"name\":\"Shop\",\"item\":\"https:\/\/wiinconnect.com\/shop\/\"},{\"@type\":\"ListItem\",\"position\":3,\"name\":\"Ukon\u2122 Turmeric Tea: S\u1ee9c kh\u1ecfe v\u00e0 l\u00e0n da t\u01b0\u01a1i m\u1edbi t\u1eeb t\u1ef1 nhi\u00ean\"}]},{\"@type\":\"WebSite\",\"@id\":\"https:\/\/wiinconnect.com\/#website\",\"url\":\"https:\/\/wiinconnect.com\/\",\"name\":\"Wiinconnect - N\u1ec1n t\u1ea3ng k\u1ebft n\u1ed1i \u0111\u1ea1i l\u00fd\",\"description\":\"Lan t\u1ecfa ngu\u1ed3n n\u01b0\u1edbc s\u1ea1ch\",\"potentialAction\":[{\"@type\":\"SearchAction\",\"target\":{\"@type\":\"EntryPoint\",\"urlTemplate\":\"https:\/\/wiinconnect.com\/?s={search_term_string}\"},\"query-input\":{\"@type\":\"PropertyValueSpecification\",\"valueRequired\":true,\"valueName\":\"search_term_string\"}}],\"inLanguage\":\"en-US\"}]}<\/script>\n<!-- \/ Yoast SEO plugin. -->","yoast_head_json":{"title":"Ukon\u2122 Turmeric Tea: S\u1ee9c kh\u1ecfe v\u00e0 l\u00e0n da t\u01b0\u01a1i m\u1edbi t\u1eeb t\u1ef1 nhi\u00ean - Wiinconnect - N\u1ec1n t\u1ea3ng k\u1ebft n\u1ed1i \u0111\u1ea1i l\u00fd","robots":{"index":"index","follow":"follow","max-snippet":"max-snippet:-1","max-image-preview":"max-image-preview:large","max-video-preview":"max-video-preview:-1"},"canonical":"https:\/\/wiinconnect.com\/en\/product\/ukon-turmeric-tea-suc-khoe-va-lan-da-tuoi-moi-tu-tu-nhien\/","og_locale":"en_US","og_type":"article","og_title":"Ukon\u2122 Turmeric Tea: S\u1ee9c kh\u1ecfe v\u00e0 l\u00e0n da t\u01b0\u01a1i m\u1edbi t\u1eeb t\u1ef1 nhi\u00ean - Wiinconnect - N\u1ec1n t\u1ea3ng k\u1ebft n\u1ed1i \u0111\u1ea1i l\u00fd","og_description":"K\u1ebft h\u1ee3p \u0110\u1ed9c \u0110\u00e1o: S\u1ef1 k\u1ebft h\u1ee3p ho\u00e0n h\u1ea3o gi\u1eefa ngh\u1ec7 v\u00e0ng Ukon v\u00e0 n\u01b0\u1edbc ion ki\u1ec1m Enagic.  L\u1ee3i \u00edch S\u1ee9c kh\u1ecfe: B\u1ea3o v\u1ec7 v\u00e0 t\u0103ng c\u01b0\u1eddng s\u1ee9c kh\u1ecfe t\u1ef1 nhi\u00ean v\u1edbi t\u00ednh ch\u1ea5t ch\u1ed1ng oxy h\u00f3a c\u1ee7a ngh\u1ec7 v\u00e0ng.  D\u1ecbu da T\u1ef1 nhi\u00ean: H\u1ed7 tr\u1ee3 l\u00e0n da kh\u1ecfe m\u1ea1nh v\u00e0 t\u01b0\u01a1i m\u1edbi t\u1eeb b\u00ean trong.  Ti\u1ec7n l\u1ee3i v\u00e0 Ch\u1ea5t l\u01b0\u1ee3ng: G\u00f3i t\u00fai l\u1ecdc ti\u1ec7n l\u1ee3i gi\u1eef nguy\u00ean h\u01b0\u01a1ng v\u1ecb v\u00e0 ch\u1ea5t l\u01b0\u1ee3ng cao c\u1ee7a tr\u00e0 Ukon.  Cam k\u1ebft B\u1ec1n v\u1eefng: S\u1ea3n ph\u1ea9m ch\u0103m s\u00f3c s\u1ee9c kh\u1ecfe mang l\u1ea1i s\u1ef1 c\u00e2n b\u1eb1ng v\u00e0 l\u00e0nh m\u1ea1nh cho cu\u1ed9c s\u1ed1ng h\u00e0ng ng\u00e0y.","og_url":"https:\/\/wiinconnect.com\/en\/product\/ukon-turmeric-tea-suc-khoe-va-lan-da-tuoi-moi-tu-tu-nhien\/","og_site_name":"Wiinconnect - N\u1ec1n t\u1ea3ng k\u1ebft n\u1ed1i \u0111\u1ea1i l\u00fd","article_modified_time":"2024-06-13T14:01:57+00:00","og_image":[{"width":700,"height":700,"url":"https:\/\/wiinconnect.com\/wp-content\/uploads\/2024\/06\/4043_1_1.jpg","type":"image\/jpeg"}],"twitter_card":"summary_large_image","twitter_misc":{"Est. reading time":"2 minutes"},"schema":{"@context":"https:\/\/schema.org","@graph":[{"@type":"WebPage","@id":"https:\/\/wiinconnect.com\/product\/ukon-turmeric-tea-suc-khoe-va-lan-da-tuoi-moi-tu-tu-nhien\/","url":"https:\/\/wiinconnect.com\/product\/ukon-turmeric-tea-suc-khoe-va-lan-da-tuoi-moi-tu-tu-nhien\/","name":"Ukon\u2122 Turmeric Tea: S\u1ee9c kh\u1ecfe v\u00e0 l\u00e0n da t\u01b0\u01a1i m\u1edbi t\u1eeb t\u1ef1 nhi\u00ean - Wiinconnect - N\u1ec1n t\u1ea3ng k\u1ebft n\u1ed1i \u0111\u1ea1i l\u00fd","isPartOf":{"@id":"https:\/\/wiinconnect.com\/#website"},"primaryImageOfPage":{"@id":"https:\/\/wiinconnect.com\/product\/ukon-turmeric-tea-suc-khoe-va-lan-da-tuoi-moi-tu-tu-nhien\/#primaryimage"},"image":{"@id":"https:\/\/wiinconnect.com\/product\/ukon-turmeric-tea-suc-khoe-va-lan-da-tuoi-moi-tu-tu-nhien\/#primaryimage"},"thumbnailUrl":"https:\/\/wiinconnect.com\/wp-content\/uploads\/2024\/06\/4043_1_1.jpg","datePublished":"2024-06-13T13:55:06+00:00","dateModified":"2024-06-13T14:01:57+00:00","breadcrumb":{"@id":"https:\/\/wiinconnect.com\/product\/ukon-turmeric-tea-suc-khoe-va-lan-da-tuoi-moi-tu-tu-nhien\/#breadcrumb"},"inLanguage":"en-US","potentialAction":[{"@type":"ReadAction","target":["https:\/\/wiinconnect.com\/product\/ukon-turmeric-tea-suc-khoe-va-lan-da-tuoi-moi-tu-tu-nhien\/"]}]},{"@type":"ImageObject","inLanguage":"en-US","@id":"https:\/\/wiinconnect.com\/product\/ukon-turmeric-tea-suc-khoe-va-lan-da-tuoi-moi-tu-tu-nhien\/#primaryimage","url":"https:\/\/wiinconnect.com\/wp-content\/uploads\/2024\/06\/4043_1_1.jpg","contentUrl":"https:\/\/wiinconnect.com\/wp-content\/uploads\/2024\/06\/4043_1_1.jpg","width":700,"height":700},{"@type":"BreadcrumbList","@id":"https:\/\/wiinconnect.com\/product\/ukon-turmeric-tea-suc-khoe-va-lan-da-tuoi-moi-tu-tu-nhien\/#breadcrumb","itemListElement":[{"@type":"ListItem","position":1,"name":"Home","item":"https:\/\/wiinconnect.com\/"},{"@type":"ListItem","position":2,"name":"Shop","item":"https:\/\/wiinconnect.com\/shop\/"},{"@type":"ListItem","position":3,"name":"Ukon\u2122 Turmeric Tea: S\u1ee9c kh\u1ecfe v\u00e0 l\u00e0n da t\u01b0\u01a1i m\u1edbi t\u1eeb t\u1ef1 nhi\u00ean"}]},{"@type":"WebSite","@id":"https:\/\/wiinconnect.com\/#website","url":"https:\/\/wiinconnect.com\/","name":"Wiinconnect - N\u1ec1n t\u1ea3ng k\u1ebft n\u1ed1i \u0111\u1ea1i l\u00fd","description":"Lan t\u1ecfa ngu\u1ed3n n\u01b0\u1edbc s\u1ea1ch","potentialAction":[{"@type":"SearchAction","target":{"@type":"EntryPoint","urlTemplate":"https:\/\/wiinconnect.com\/?s={search_term_string}"},"query-input":{"@type":"PropertyValueSpecification","valueRequired":true,"valueName":"search_term_string"}}],"inLanguage":"en-US"}]}},"_links":{"self":[{"href":"https:\/\/wiinconnect.com\/en\/wp-json\/wp\/v2\/product\/16033","targetHints":{"allow":["GET"]}}],"collection":[{"href":"https:\/\/wiinconnect.com\/en\/wp-json\/wp\/v2\/product"}],"about":[{"href":"https:\/\/wiinconnect.com\/en\/wp-json\/wp\/v2\/types\/product"}],"version-history":[{"count":1,"href":"https:\/\/wiinconnect.com\/en\/wp-json\/wp\/v2\/product\/16033\/revisions"}],"predecessor-version":[{"id":16035,"href":"https:\/\/wiinconnect.com\/en\/wp-json\/wp\/v2\/product\/16033\/revisions\/16035"}],"wp:featuredmedia":[{"embeddable":true,"href":"https:\/\/wiinconnect.com\/en\/wp-json\/wp\/v2\/media\/16034"}],"wp:attachment":[{"href":"https:\/\/wiinconnect.com\/en\/wp-json\/wp\/v2\/media?parent=16033"}],"wp:term":[{"taxonomy":"product_cat","embeddable":true,"href":"https:\/\/wiinconnect.com\/en\/wp-json\/wp\/v2\/product_cat?post=16033"},{"taxonomy":"product_tag","embeddable":true,"href":"https:\/\/wiinconnect.com\/en\/wp-json\/wp\/v2\/product_tag?post=16033"}],"curies":[{"name":"wp","href":"https:\/\/api.w.org\/{rel}","templated":true}]}}