{"id":16021,"date":"2024-06-13T13:46:55","date_gmt":"2024-06-13T13:46:55","guid":{"rendered":"https:\/\/wiinconnect.com\/?post_type=product&#038;p=16021"},"modified":"2024-06-13T13:46:55","modified_gmt":"2024-06-13T13:46:55","slug":"anespa-dx-nang-tam-trai-nghiem-tam-voi-nuoc-khoang-ion-nhat-ban","status":"publish","type":"product","link":"https:\/\/wiinconnect.com\/en\/product\/anespa-dx-nang-tam-trai-nghiem-tam-voi-nuoc-khoang-ion-nhat-ban\/","title":{"rendered":"Anespa DX: N\u00e2ng t\u1ea7m tr\u1ea3i nghi\u1ec7m t\u1eafm v\u1edbi N\u01b0\u1edbc Kho\u00e1ng Ion Nh\u1eadt B\u1ea3n"},"content":{"rendered":"<p>Anespa DX l\u00e0 m\u1ed9t s\u1ea3n ph\u1ea9m \u0111\u00e1ng ch\u00fa \u00fd trong d\u00f2ng s\u1ea3n ph\u1ea9m n\u01b0\u1edbc kho\u00e1ng ion c\u1ee7a Enagic, m\u1ed9t c\u00f4ng ty n\u1ed5i ti\u1ebfng v\u1ec1 thi\u1ebft b\u1ecb l\u00e0m s\u1ea1ch n\u01b0\u1edbc c\u00f3 tr\u1ee5 s\u1edf t\u1ea1i Nh\u1eadt B\u1ea3n. \u0110\u01b0\u1ee3c thi\u1ebft k\u1ebf \u0111\u1ec3 mang l\u1ea1i l\u1ee3i \u00edch c\u1ee7a n\u01b0\u1edbc kho\u00e1ng t\u1ef1 nhi\u00ean t\u1edbi t\u1eeb thi\u00ean nhi\u00ean Nh\u1eadt B\u1ea3n, Anespa DX h\u1ee9a h\u1eb9n cung c\u1ea5p m\u1ed9t tr\u1ea3i nghi\u1ec7m t\u1eafm l\u00e0m s\u1ea1ch v\u00e0 t\u01b0\u01a1i m\u1edbi cho ng\u01b0\u1eddi d\u00f9ng.<\/p>\n<p>S\u1ea3n ph\u1ea9m n\u00e0y ho\u1ea1t \u0111\u1ed9ng b\u1eb1ng c\u00e1ch s\u1eed d\u1ee5ng m\u1ed9t h\u1ec7 th\u1ed1ng l\u1ecdc n\u01b0\u1edbc ti\u00ean ti\u1ebfn, k\u1ebft h\u1ee3p v\u1edbi m\u1ed9t vi\u00ean bi kho\u00e1ng \u0111\u1ed9c quy\u1ec1n, \u0111\u1ec3 t\u1ea1o ra m\u1ed9t d\u00f2ng n\u01b0\u1edbc gi\u00e0u ion v\u00e0 gi\u00e0u kho\u00e1ng ch\u1ea5t. N\u01b0\u1edbc \u0111\u01b0\u1ee3c s\u1ea3n xu\u1ea5t b\u1edfi Anespa DX mang l\u1ea1i c\u1ea3m gi\u00e1c m\u1ecbn m\u00e0ng v\u00e0 d\u1ec5 ch\u1ecbu cho da, \u0111\u1ed3ng th\u1eddi gi\u00fap l\u00e0m d\u1ecbu c\u00e1c v\u00f9ng da kh\u00f4 v\u00e0 k\u00edch \u1ee9ng.<\/p>\n<p>M\u1ed9t trong nh\u1eefng \u0111i\u1ec3m n\u1ed5i b\u1eadt c\u1ee7a Anespa DX l\u00e0 thi\u1ebft k\u1ebf d\u1ef1a tr\u00ean nguy\u00ean l\u00fd c\u1ed5 \u0111i\u1ec3n c\u1ee7a Nh\u1eadt B\u1ea3n v\u1ec1 vi\u1ec7c s\u1eed d\u1ee5ng n\u01b0\u1edbc kho\u00e1ng \u0111\u1ec3 t\u0103ng c\u01b0\u1eddng s\u1ee9c kh\u1ecfe. N\u01b0\u1edbc \u0111\u01b0\u1ee3c t\u1ea1o ra b\u1edfi Anespa DX c\u00f3 th\u1ec3 gi\u00fap c\u1ea3i thi\u1ec7n t\u00ecnh tr\u1ea1ng da v\u00e0 l\u00e0m gi\u1ea3m c\u0103ng th\u1eb3ng. \u0110\u00e2y l\u00e0 l\u1ef1a ch\u1ecdn l\u00fd t\u01b0\u1edfng cho nh\u1eefng ai t\u00ecm ki\u1ebfm m\u1ed9t ph\u01b0\u01a1ng ph\u00e1p t\u1eafm hi\u1ec7n \u0111\u1ea1i, nh\u1eb1m t\u1ed1i \u01b0u h\u00f3a s\u1ee9c kh\u1ecfe v\u00e0 c\u1ea3m gi\u00e1c th\u01b0 gi\u00e3n t\u1ea1i nh\u00e0.<\/p>\n<p>Ngo\u00e0i ra, s\u1ea3n ph\u1ea9m c\u0169ng r\u1ea5t ph\u00f9 h\u1ee3p v\u1edbi nh\u1eefng ng\u01b0\u1eddi quan t\u00e2m \u0111\u1ebfn c\u00e1c gi\u1ea3i ph\u00e1p th\u00e2n thi\u1ec7n v\u1edbi m\u00f4i tr\u01b0\u1eddng, b\u1edfi v\u00ec n\u00f3 gi\u00fap gi\u1ea3m thi\u1ec3u l\u01b0\u1ee3ng ch\u1ea5t h\u00f3a h\u1ecdc v\u00e0 l\u00e3ng ph\u00ed trong qu\u00e1 tr\u00ecnh s\u1eed d\u1ee5ng. \u0110i\u1ec1u n\u00e0y th\u1ec3 hi\u1ec7n cam k\u1ebft c\u1ee7a Enagic \u0111\u1ed1i v\u1edbi vi\u1ec7c cung c\u1ea5p c\u00e1c s\u1ea3n ph\u1ea9m c\u00f3 l\u1ee3i cho s\u1ee9c kh\u1ecfe con ng\u01b0\u1eddi v\u00e0 b\u1ea3o v\u1ec7 m\u00f4i tr\u01b0\u1eddng.<\/p>\n<p>T\u00f3m l\u1ea1i, Anespa DX l\u00e0 m\u1ed9t s\u1ef1 l\u1ef1a ch\u1ecdn xu\u1ea5t s\u1eafc cho nh\u1eefng ai \u0111ang t\u00ecm ki\u1ebfm m\u1ed9t tr\u1ea3i nghi\u1ec7m t\u1eafm n\u01b0\u1edbc kho\u00e1ng ion ti\u1ec7n \u00edch v\u00e0 c\u00f3 l\u1ee3i cho s\u1ee9c kh\u1ecfe, \u0111\u1ed3ng th\u1eddi mang l\u1ea1i c\u1ea3m gi\u00e1c th\u01b0 gi\u00e3n v\u00e0 tho\u1ea3i m\u00e1i t\u1ed1i \u0111a.<\/p>","protected":false},"excerpt":{"rendered":"<div class=\"flex flex-grow flex-col max-w-full\">\n<div class=\"min-h-[20px] text-message flex flex-col items-start whitespace-pre-wrap break-words [.text-message+&amp;]:mt-5 juice:w-full juice:items-end overflow-x-auto gap-2\" dir=\"auto\" data-message-author-role=\"assistant\" data-message-id=\"989ac5f8-9a7d-4d5b-b9a5-ce3ebb058308\">\n<div class=\"flex w-full flex-col gap-1 juice:empty:hidden juice:first:pt-[3px]\">\n<div class=\"markdown prose w-full break-words dark:prose-invert light\">\n<ol>\n<li><strong>N\u01b0\u1edbc Kho\u00e1ng Ion Nh\u1eadt B\u1ea3n<\/strong>: S\u1eed d\u1ee5ng c\u00f4ng ngh\u1ec7 ti\u00ean ti\u1ebfn \u0111\u1ec3 t\u1ea1o ra n\u01b0\u1edbc gi\u00e0u ion v\u00e0 kho\u00e1ng ch\u1ea5t, mang l\u1ea1i l\u1ee3i \u00edch t\u1ed1i \u0111a cho s\u1ee9c kh\u1ecfe da.<\/li>\n<li><strong>Tr\u1ea3i nghi\u1ec7m T\u1eafm T\u1ea1i Nh\u00e0<\/strong>: Thi\u1ebft k\u1ebf \u0111\u1ec3 cung c\u1ea5p m\u1ed9t ph\u01b0\u01a1ng ph\u00e1p t\u1eafm hi\u1ec7n \u0111\u1ea1i, t\u1ed1i \u01b0u h\u00f3a s\u1ee9c kh\u1ecfe v\u00e0 gi\u1ea3m c\u0103ng th\u1eb3ng t\u1ea1i gia \u0111\u00ecnh.<\/li>\n<li><strong>L\u00e0m D\u1ecbu v\u00e0 M\u1ec1m M\u1ea1i<\/strong>: Gi\u00fap l\u00e0m d\u1ecbu v\u00e0 cung c\u1ea5p c\u1ea3m gi\u00e1c m\u1ecbn m\u00e0ng cho l\u00e0n da, \u0111\u1eb7c bi\u1ec7t l\u00e0 c\u00e1c v\u00f9ng da kh\u00f4 v\u00e0 k\u00edch \u1ee9ng.<\/li>\n<li><strong>Thi\u1ebft k\u1ebf Th\u00e2n Thi\u1ec7n V\u1edbi M\u00f4i Tr\u01b0\u1eddng<\/strong>: Cam k\u1ebft gi\u1ea3m thi\u1ec3u l\u01b0\u1ee3ng ch\u1ea5t h\u00f3a h\u1ecdc v\u00e0 l\u00e3ng ph\u00ed, h\u01b0\u1edbng t\u1edbi m\u1ed9t m\u00f4i tr\u01b0\u1eddng s\u1ed1ng v\u00e0 s\u1eed d\u1ee5ng s\u1ea3n ph\u1ea9m b\u1ec1n v\u1eefng.<\/li>\n<li><strong>Phong C\u00e1ch \u0110\u1ed9c \u0110\u00e1o<\/strong>: L\u1ea5y c\u1ea3m h\u1ee9ng t\u1eeb nguy\u00ean l\u00fd t\u1eafm kho\u00e1ng truy\u1ec1n th\u1ed1ng c\u1ee7a Nh\u1eadt B\u1ea3n, k\u1ebft h\u1ee3p v\u1edbi c\u00f4ng ngh\u1ec7 hi\u1ec7n \u0111\u1ea1i, \u0111em l\u1ea1i s\u1ef1 k\u1ebft h\u1ee3p ho\u00e0n h\u1ea3o gi\u1eefa truy\u1ec1n th\u1ed1ng v\u00e0 ti\u1ec7n nghi.<\/li>\n<\/ol>\n<\/div>\n<\/div>\n<\/div>\n<\/div>\n<div class=\"mt-1 flex gap-3 empty:hidden juice:-ml-3\">\n<div class=\"items-center justify-start rounded-xl p-1 flex\">\n<div class=\"flex items-center\"><button class=\"rounded-lg text-token-text-secondary hover:bg-token-main-surface-secondary\"><\/button><button class=\"rounded-lg text-token-text-secondary hover:bg-token-main-surface-secondary\"><\/button><\/p>\n<div class=\"flex\"><\/div>\n<div class=\"flex items-center pb-0.5 juice:pb-0\">\n<div class=\"[&amp;_svg]:h-full [&amp;_svg]:w-full icon-md h-4 w-4\"><\/div>\n<p><span class=\"line-clamp-1 text-sm\">3.5<\/span><\/div>\n<\/div>\n<\/div>\n<\/div>","protected":false},"featured_media":16025,"template":"","meta":{"_eb_attr":""},"product_cat":[20],"product_tag":[],"class_list":{"0":"post-16021","1":"product","2":"type-product","3":"status-publish","4":"has-post-thumbnail","6":"product_cat-may-loc-nuoc","8":"first","9":"instock","10":"shipping-taxable","11":"purchasable","12":"product-type-simple"},"yoast_head":"<!-- This site is optimized with the Yoast SEO plugin v23.9 - https:\/\/yoast.com\/wordpress\/plugins\/seo\/ -->\n<title>Anespa DX: N\u00e2ng t\u1ea7m tr\u1ea3i nghi\u1ec7m t\u1eafm v\u1edbi N\u01b0\u1edbc Kho\u00e1ng Ion Nh\u1eadt B\u1ea3n - Wiinconnect - N\u1ec1n t\u1ea3ng k\u1ebft n\u1ed1i \u0111\u1ea1i l\u00fd<\/title>\n<meta name=\"robots\" content=\"index, follow, max-snippet:-1, max-image-preview:large, max-video-preview:-1\" \/>\n<link rel=\"canonical\" href=\"https:\/\/wiinconnect.com\/en\/product\/anespa-dx-nang-tam-trai-nghiem-tam-voi-nuoc-khoang-ion-nhat-ban\/\" \/>\n<meta property=\"og:locale\" content=\"en_US\" \/>\n<meta property=\"og:type\" content=\"article\" \/>\n<meta property=\"og:title\" content=\"Anespa DX: N\u00e2ng t\u1ea7m tr\u1ea3i nghi\u1ec7m t\u1eafm v\u1edbi N\u01b0\u1edbc Kho\u00e1ng Ion Nh\u1eadt B\u1ea3n - Wiinconnect - N\u1ec1n t\u1ea3ng k\u1ebft n\u1ed1i \u0111\u1ea1i l\u00fd\" \/>\n<meta property=\"og:description\" content=\"N\u01b0\u1edbc Kho\u00e1ng Ion Nh\u1eadt B\u1ea3n: S\u1eed d\u1ee5ng c\u00f4ng ngh\u1ec7 ti\u00ean ti\u1ebfn \u0111\u1ec3 t\u1ea1o ra n\u01b0\u1edbc gi\u00e0u ion v\u00e0 kho\u00e1ng ch\u1ea5t, mang l\u1ea1i l\u1ee3i \u00edch t\u1ed1i \u0111a cho s\u1ee9c kh\u1ecfe da.  Tr\u1ea3i nghi\u1ec7m T\u1eafm T\u1ea1i Nh\u00e0: Thi\u1ebft k\u1ebf \u0111\u1ec3 cung c\u1ea5p m\u1ed9t ph\u01b0\u01a1ng ph\u00e1p t\u1eafm hi\u1ec7n \u0111\u1ea1i, t\u1ed1i \u01b0u h\u00f3a s\u1ee9c kh\u1ecfe v\u00e0 gi\u1ea3m c\u0103ng th\u1eb3ng t\u1ea1i gia \u0111\u00ecnh.  L\u00e0m D\u1ecbu v\u00e0 M\u1ec1m M\u1ea1i: Gi\u00fap l\u00e0m d\u1ecbu v\u00e0 cung c\u1ea5p c\u1ea3m gi\u00e1c m\u1ecbn m\u00e0ng cho l\u00e0n da, \u0111\u1eb7c bi\u1ec7t l\u00e0 c\u00e1c v\u00f9ng da kh\u00f4 v\u00e0 k\u00edch \u1ee9ng.  Thi\u1ebft k\u1ebf Th\u00e2n Thi\u1ec7n V\u1edbi M\u00f4i Tr\u01b0\u1eddng: Cam k\u1ebft gi\u1ea3m thi\u1ec3u l\u01b0\u1ee3ng ch\u1ea5t h\u00f3a h\u1ecdc v\u00e0 l\u00e3ng ph\u00ed, h\u01b0\u1edbng t\u1edbi m\u1ed9t m\u00f4i tr\u01b0\u1eddng s\u1ed1ng v\u00e0 s\u1eed d\u1ee5ng s\u1ea3n ph\u1ea9m b\u1ec1n v\u1eefng.  Phong C\u00e1ch \u0110\u1ed9c \u0110\u00e1o: L\u1ea5y c\u1ea3m h\u1ee9ng t\u1eeb nguy\u00ean l\u00fd t\u1eafm kho\u00e1ng truy\u1ec1n th\u1ed1ng c\u1ee7a Nh\u1eadt B\u1ea3n, k\u1ebft h\u1ee3p v\u1edbi c\u00f4ng ngh\u1ec7 hi\u1ec7n \u0111\u1ea1i, \u0111em l\u1ea1i s\u1ef1 k\u1ebft h\u1ee3p ho\u00e0n h\u1ea3o gi\u1eefa truy\u1ec1n th\u1ed1ng v\u00e0 ti\u1ec7n nghi.            3.5\" \/>\n<meta property=\"og:url\" content=\"https:\/\/wiinconnect.com\/en\/product\/anespa-dx-nang-tam-trai-nghiem-tam-voi-nuoc-khoang-ion-nhat-ban\/\" \/>\n<meta property=\"og:site_name\" content=\"Wiinconnect - N\u1ec1n t\u1ea3ng k\u1ebft n\u1ed1i \u0111\u1ea1i l\u00fd\" \/>\n<meta property=\"og:image\" content=\"https:\/\/wiinconnect.com\/wp-content\/uploads\/2024\/06\/product-gallery-anespa-1.jpg\" \/>\n\t<meta property=\"og:image:width\" content=\"291\" \/>\n\t<meta property=\"og:image:height\" content=\"289\" \/>\n\t<meta property=\"og:image:type\" content=\"image\/jpeg\" \/>\n<meta name=\"twitter:card\" content=\"summary_large_image\" \/>\n<meta name=\"twitter:label1\" content=\"Est. reading time\" \/>\n\t<meta name=\"twitter:data1\" content=\"3 minutes\" \/>\n<script type=\"application\/ld+json\" class=\"yoast-schema-graph\">{\"@context\":\"https:\/\/schema.org\",\"@graph\":[{\"@type\":\"WebPage\",\"@id\":\"https:\/\/wiinconnect.com\/product\/anespa-dx-nang-tam-trai-nghiem-tam-voi-nuoc-khoang-ion-nhat-ban\/\",\"url\":\"https:\/\/wiinconnect.com\/product\/anespa-dx-nang-tam-trai-nghiem-tam-voi-nuoc-khoang-ion-nhat-ban\/\",\"name\":\"Anespa DX: N\u00e2ng t\u1ea7m tr\u1ea3i nghi\u1ec7m t\u1eafm v\u1edbi N\u01b0\u1edbc Kho\u00e1ng Ion Nh\u1eadt B\u1ea3n - Wiinconnect - N\u1ec1n t\u1ea3ng k\u1ebft n\u1ed1i \u0111\u1ea1i l\u00fd\",\"isPartOf\":{\"@id\":\"https:\/\/wiinconnect.com\/#website\"},\"primaryImageOfPage\":{\"@id\":\"https:\/\/wiinconnect.com\/product\/anespa-dx-nang-tam-trai-nghiem-tam-voi-nuoc-khoang-ion-nhat-ban\/#primaryimage\"},\"image\":{\"@id\":\"https:\/\/wiinconnect.com\/product\/anespa-dx-nang-tam-trai-nghiem-tam-voi-nuoc-khoang-ion-nhat-ban\/#primaryimage\"},\"thumbnailUrl\":\"https:\/\/wiinconnect.com\/wp-content\/uploads\/2024\/06\/product-gallery-anespa-1.jpg\",\"datePublished\":\"2024-06-13T13:46:55+00:00\",\"dateModified\":\"2024-06-13T13:46:55+00:00\",\"breadcrumb\":{\"@id\":\"https:\/\/wiinconnect.com\/product\/anespa-dx-nang-tam-trai-nghiem-tam-voi-nuoc-khoang-ion-nhat-ban\/#breadcrumb\"},\"inLanguage\":\"en-US\",\"potentialAction\":[{\"@type\":\"ReadAction\",\"target\":[\"https:\/\/wiinconnect.com\/product\/anespa-dx-nang-tam-trai-nghiem-tam-voi-nuoc-khoang-ion-nhat-ban\/\"]}]},{\"@type\":\"ImageObject\",\"inLanguage\":\"en-US\",\"@id\":\"https:\/\/wiinconnect.com\/product\/anespa-dx-nang-tam-trai-nghiem-tam-voi-nuoc-khoang-ion-nhat-ban\/#primaryimage\",\"url\":\"https:\/\/wiinconnect.com\/wp-content\/uploads\/2024\/06\/product-gallery-anespa-1.jpg\",\"contentUrl\":\"https:\/\/wiinconnect.com\/wp-content\/uploads\/2024\/06\/product-gallery-anespa-1.jpg\",\"width\":291,\"height\":289},{\"@type\":\"BreadcrumbList\",\"@id\":\"https:\/\/wiinconnect.com\/product\/anespa-dx-nang-tam-trai-nghiem-tam-voi-nuoc-khoang-ion-nhat-ban\/#breadcrumb\",\"itemListElement\":[{\"@type\":\"ListItem\",\"position\":1,\"name\":\"Home\",\"item\":\"https:\/\/wiinconnect.com\/\"},{\"@type\":\"ListItem\",\"position\":2,\"name\":\"Shop\",\"item\":\"https:\/\/wiinconnect.com\/shop\/\"},{\"@type\":\"ListItem\",\"position\":3,\"name\":\"Anespa DX: N\u00e2ng t\u1ea7m tr\u1ea3i nghi\u1ec7m t\u1eafm v\u1edbi N\u01b0\u1edbc Kho\u00e1ng Ion Nh\u1eadt B\u1ea3n\"}]},{\"@type\":\"WebSite\",\"@id\":\"https:\/\/wiinconnect.com\/#website\",\"url\":\"https:\/\/wiinconnect.com\/\",\"name\":\"Wiinconnect - N\u1ec1n t\u1ea3ng k\u1ebft n\u1ed1i \u0111\u1ea1i l\u00fd\",\"description\":\"Lan t\u1ecfa ngu\u1ed3n n\u01b0\u1edbc s\u1ea1ch\",\"potentialAction\":[{\"@type\":\"SearchAction\",\"target\":{\"@type\":\"EntryPoint\",\"urlTemplate\":\"https:\/\/wiinconnect.com\/?s={search_term_string}\"},\"query-input\":{\"@type\":\"PropertyValueSpecification\",\"valueRequired\":true,\"valueName\":\"search_term_string\"}}],\"inLanguage\":\"en-US\"}]}<\/script>\n<!-- \/ Yoast SEO plugin. -->","yoast_head_json":{"title":"Anespa DX: N\u00e2ng t\u1ea7m tr\u1ea3i nghi\u1ec7m t\u1eafm v\u1edbi N\u01b0\u1edbc Kho\u00e1ng Ion Nh\u1eadt B\u1ea3n - Wiinconnect - N\u1ec1n t\u1ea3ng k\u1ebft n\u1ed1i \u0111\u1ea1i l\u00fd","robots":{"index":"index","follow":"follow","max-snippet":"max-snippet:-1","max-image-preview":"max-image-preview:large","max-video-preview":"max-video-preview:-1"},"canonical":"https:\/\/wiinconnect.com\/en\/product\/anespa-dx-nang-tam-trai-nghiem-tam-voi-nuoc-khoang-ion-nhat-ban\/","og_locale":"en_US","og_type":"article","og_title":"Anespa DX: N\u00e2ng t\u1ea7m tr\u1ea3i nghi\u1ec7m t\u1eafm v\u1edbi N\u01b0\u1edbc Kho\u00e1ng Ion Nh\u1eadt B\u1ea3n - Wiinconnect - N\u1ec1n t\u1ea3ng k\u1ebft n\u1ed1i \u0111\u1ea1i l\u00fd","og_description":"N\u01b0\u1edbc Kho\u00e1ng Ion Nh\u1eadt B\u1ea3n: S\u1eed d\u1ee5ng c\u00f4ng ngh\u1ec7 ti\u00ean ti\u1ebfn \u0111\u1ec3 t\u1ea1o ra n\u01b0\u1edbc gi\u00e0u ion v\u00e0 kho\u00e1ng ch\u1ea5t, mang l\u1ea1i l\u1ee3i \u00edch t\u1ed1i \u0111a cho s\u1ee9c kh\u1ecfe da.  Tr\u1ea3i nghi\u1ec7m T\u1eafm T\u1ea1i Nh\u00e0: Thi\u1ebft k\u1ebf \u0111\u1ec3 cung c\u1ea5p m\u1ed9t ph\u01b0\u01a1ng ph\u00e1p t\u1eafm hi\u1ec7n \u0111\u1ea1i, t\u1ed1i \u01b0u h\u00f3a s\u1ee9c kh\u1ecfe v\u00e0 gi\u1ea3m c\u0103ng th\u1eb3ng t\u1ea1i gia \u0111\u00ecnh.  L\u00e0m D\u1ecbu v\u00e0 M\u1ec1m M\u1ea1i: Gi\u00fap l\u00e0m d\u1ecbu v\u00e0 cung c\u1ea5p c\u1ea3m gi\u00e1c m\u1ecbn m\u00e0ng cho l\u00e0n da, \u0111\u1eb7c bi\u1ec7t l\u00e0 c\u00e1c v\u00f9ng da kh\u00f4 v\u00e0 k\u00edch \u1ee9ng.  Thi\u1ebft k\u1ebf Th\u00e2n Thi\u1ec7n V\u1edbi M\u00f4i Tr\u01b0\u1eddng: Cam k\u1ebft gi\u1ea3m thi\u1ec3u l\u01b0\u1ee3ng ch\u1ea5t h\u00f3a h\u1ecdc v\u00e0 l\u00e3ng ph\u00ed, h\u01b0\u1edbng t\u1edbi m\u1ed9t m\u00f4i tr\u01b0\u1eddng s\u1ed1ng v\u00e0 s\u1eed d\u1ee5ng s\u1ea3n ph\u1ea9m b\u1ec1n v\u1eefng.  Phong C\u00e1ch \u0110\u1ed9c \u0110\u00e1o: L\u1ea5y c\u1ea3m h\u1ee9ng t\u1eeb nguy\u00ean l\u00fd t\u1eafm kho\u00e1ng truy\u1ec1n th\u1ed1ng c\u1ee7a Nh\u1eadt B\u1ea3n, k\u1ebft h\u1ee3p v\u1edbi c\u00f4ng ngh\u1ec7 hi\u1ec7n \u0111\u1ea1i, \u0111em l\u1ea1i s\u1ef1 k\u1ebft h\u1ee3p ho\u00e0n h\u1ea3o gi\u1eefa truy\u1ec1n th\u1ed1ng v\u00e0 ti\u1ec7n nghi.            3.5","og_url":"https:\/\/wiinconnect.com\/en\/product\/anespa-dx-nang-tam-trai-nghiem-tam-voi-nuoc-khoang-ion-nhat-ban\/","og_site_name":"Wiinconnect - N\u1ec1n t\u1ea3ng k\u1ebft n\u1ed1i \u0111\u1ea1i l\u00fd","og_image":[{"width":291,"height":289,"url":"https:\/\/wiinconnect.com\/wp-content\/uploads\/2024\/06\/product-gallery-anespa-1.jpg","type":"image\/jpeg"}],"twitter_card":"summary_large_image","twitter_misc":{"Est. reading time":"3 minutes"},"schema":{"@context":"https:\/\/schema.org","@graph":[{"@type":"WebPage","@id":"https:\/\/wiinconnect.com\/product\/anespa-dx-nang-tam-trai-nghiem-tam-voi-nuoc-khoang-ion-nhat-ban\/","url":"https:\/\/wiinconnect.com\/product\/anespa-dx-nang-tam-trai-nghiem-tam-voi-nuoc-khoang-ion-nhat-ban\/","name":"Anespa DX: N\u00e2ng t\u1ea7m tr\u1ea3i nghi\u1ec7m t\u1eafm v\u1edbi N\u01b0\u1edbc Kho\u00e1ng Ion Nh\u1eadt B\u1ea3n - Wiinconnect - N\u1ec1n t\u1ea3ng k\u1ebft n\u1ed1i \u0111\u1ea1i l\u00fd","isPartOf":{"@id":"https:\/\/wiinconnect.com\/#website"},"primaryImageOfPage":{"@id":"https:\/\/wiinconnect.com\/product\/anespa-dx-nang-tam-trai-nghiem-tam-voi-nuoc-khoang-ion-nhat-ban\/#primaryimage"},"image":{"@id":"https:\/\/wiinconnect.com\/product\/anespa-dx-nang-tam-trai-nghiem-tam-voi-nuoc-khoang-ion-nhat-ban\/#primaryimage"},"thumbnailUrl":"https:\/\/wiinconnect.com\/wp-content\/uploads\/2024\/06\/product-gallery-anespa-1.jpg","datePublished":"2024-06-13T13:46:55+00:00","dateModified":"2024-06-13T13:46:55+00:00","breadcrumb":{"@id":"https:\/\/wiinconnect.com\/product\/anespa-dx-nang-tam-trai-nghiem-tam-voi-nuoc-khoang-ion-nhat-ban\/#breadcrumb"},"inLanguage":"en-US","potentialAction":[{"@type":"ReadAction","target":["https:\/\/wiinconnect.com\/product\/anespa-dx-nang-tam-trai-nghiem-tam-voi-nuoc-khoang-ion-nhat-ban\/"]}]},{"@type":"ImageObject","inLanguage":"en-US","@id":"https:\/\/wiinconnect.com\/product\/anespa-dx-nang-tam-trai-nghiem-tam-voi-nuoc-khoang-ion-nhat-ban\/#primaryimage","url":"https:\/\/wiinconnect.com\/wp-content\/uploads\/2024\/06\/product-gallery-anespa-1.jpg","contentUrl":"https:\/\/wiinconnect.com\/wp-content\/uploads\/2024\/06\/product-gallery-anespa-1.jpg","width":291,"height":289},{"@type":"BreadcrumbList","@id":"https:\/\/wiinconnect.com\/product\/anespa-dx-nang-tam-trai-nghiem-tam-voi-nuoc-khoang-ion-nhat-ban\/#breadcrumb","itemListElement":[{"@type":"ListItem","position":1,"name":"Home","item":"https:\/\/wiinconnect.com\/"},{"@type":"ListItem","position":2,"name":"Shop","item":"https:\/\/wiinconnect.com\/shop\/"},{"@type":"ListItem","position":3,"name":"Anespa DX: N\u00e2ng t\u1ea7m tr\u1ea3i nghi\u1ec7m t\u1eafm v\u1edbi N\u01b0\u1edbc Kho\u00e1ng Ion Nh\u1eadt B\u1ea3n"}]},{"@type":"WebSite","@id":"https:\/\/wiinconnect.com\/#website","url":"https:\/\/wiinconnect.com\/","name":"Wiinconnect - N\u1ec1n t\u1ea3ng k\u1ebft n\u1ed1i \u0111\u1ea1i l\u00fd","description":"Lan t\u1ecfa ngu\u1ed3n n\u01b0\u1edbc s\u1ea1ch","potentialAction":[{"@type":"SearchAction","target":{"@type":"EntryPoint","urlTemplate":"https:\/\/wiinconnect.com\/?s={search_term_string}"},"query-input":{"@type":"PropertyValueSpecification","valueRequired":true,"valueName":"search_term_string"}}],"inLanguage":"en-US"}]}},"_links":{"self":[{"href":"https:\/\/wiinconnect.com\/en\/wp-json\/wp\/v2\/product\/16021","targetHints":{"allow":["GET"]}}],"collection":[{"href":"https:\/\/wiinconnect.com\/en\/wp-json\/wp\/v2\/product"}],"about":[{"href":"https:\/\/wiinconnect.com\/en\/wp-json\/wp\/v2\/types\/product"}],"version-history":[{"count":1,"href":"https:\/\/wiinconnect.com\/en\/wp-json\/wp\/v2\/product\/16021\/revisions"}],"predecessor-version":[{"id":16026,"href":"https:\/\/wiinconnect.com\/en\/wp-json\/wp\/v2\/product\/16021\/revisions\/16026"}],"wp:featuredmedia":[{"embeddable":true,"href":"https:\/\/wiinconnect.com\/en\/wp-json\/wp\/v2\/media\/16025"}],"wp:attachment":[{"href":"https:\/\/wiinconnect.com\/en\/wp-json\/wp\/v2\/media?parent=16021"}],"wp:term":[{"taxonomy":"product_cat","embeddable":true,"href":"https:\/\/wiinconnect.com\/en\/wp-json\/wp\/v2\/product_cat?post=16021"},{"taxonomy":"product_tag","embeddable":true,"href":"https:\/\/wiinconnect.com\/en\/wp-json\/wp\/v2\/product_tag?post=16021"}],"curies":[{"name":"wp","href":"https:\/\/api.w.org\/{rel}","templated":true}]}}