{"id":16014,"date":"2024-06-13T13:51:56","date_gmt":"2024-06-13T13:51:56","guid":{"rendered":"https:\/\/wiinconnect.com\/?post_type=product&#038;p=16014"},"modified":"2024-06-13T13:51:57","modified_gmt":"2024-06-13T13:51:57","slug":"leveluk-jriv-may-loc-nuoc-ion-kiem-tien-tien-cho-suc-khoe-vuot-troi","status":"publish","type":"product","link":"https:\/\/wiinconnect.com\/en\/product\/leveluk-jriv-may-loc-nuoc-ion-kiem-tien-tien-cho-suc-khoe-vuot-troi\/","title":{"rendered":"Leveluk JRIV: M\u00e1y L\u1ecdc N\u01b0\u1edbc Ion Ki\u1ec1m Ti\u00ean Ti\u1ebfn Cho S\u1ee9c Kh\u1ecfe V\u01b0\u1ee3t Tr\u1ed9i"},"content":{"rendered":"<p><strong>Enagic LeveLuk JR IV<\/strong> l\u00e0 l\u1ef1a ch\u1ecdn ho\u00e0n h\u1ea3o cho nh\u1eefng ng\u01b0\u1eddi m\u1edbi b\u1eaft \u0111\u1ea7u ho\u1eb7c c\u00e1c gia \u0111\u00ecnh nh\u1ecf mu\u1ed1n tr\u1ea3i nghi\u1ec7m n\u01b0\u1edbc ion h\u00f3a Kangen Water\u00ae. V\u1edbi 4 t\u1ea5m \u0111i\u1ec7n c\u1ef1c titan ph\u1ee7 b\u1ea1ch kim, m\u00e1y t\u1ea1o ra 5 lo\u1ea1i n\u01b0\u1edbc kh\u00e1c nhau: Strong Kangen Water, Kangen Water\u00ae, Neutral Water, Beauty Water v\u00e0 Strong Acidic Water.<\/p>\n<p>\u0110i\u1ec3m n\u1ed5i b\u1eadt c\u1ee7a JR IV l\u00e0 ti\u1ebft ki\u1ec7m n\u0103ng l\u01b0\u1ee3ng m\u00e0 v\u1eabn duy tr\u00ec hi\u1ec7u su\u1ea5t cao, ph\u00f9 h\u1ee3p cho nhu c\u1ea7u s\u1eed d\u1ee5ng c\u00e1 nh\u00e2n ho\u1eb7c c\u1eb7p \u0111\u00f4i. M\u00e1y d\u1ec5 d\u00e0ng s\u1eed d\u1ee5ng v\u1edbi m\u00e0n h\u00ecnh LCD hi\u1ec3n th\u1ecb r\u00f5 r\u00e0ng v\u00e0 h\u1ec7 th\u1ed1ng h\u01b0\u1edbng d\u1eabn b\u1eb1ng gi\u1ecdng n\u00f3i. T\u00ednh n\u0103ng t\u1ef1 \u0111\u1ed9ng l\u00e0m s\u1ea1ch v\u00e0 b\u1ed9 l\u1ecdc th\u00f4ng minh gi\u00fap duy tr\u00ec hi\u1ec7u qu\u1ea3 ho\u1ea1t \u0111\u1ed9ng v\u00e0 ch\u1ea5t l\u01b0\u1ee3ng n\u01b0\u1edbc. M\u00e1y c\u00f2n c\u00f3 kh\u1ea3 n\u0103ng b\u00e1o \u0111\u1ed9ng khi c\u1ea7n thay b\u1ed9 l\u1ecdc, \u0111\u1ea3m b\u1ea3o lu\u00f4n cung c\u1ea5p n\u01b0\u1edbc an to\u00e0n v\u00e0 tinh khi\u1ebft.<\/p>\n<p>LeveLuk JR IV kh\u00f4ng ch\u1ec9 mang l\u1ea1i l\u1ee3i \u00edch v\u1ec1 s\u1ee9c kh\u1ecfe m\u00e0 c\u00f2n th\u00e2n thi\u1ec7n v\u1edbi m\u00f4i tr\u01b0\u1eddng, \u0111\u01b0\u1ee3c ch\u1ee9ng nh\u1eadn b\u1edfi c\u00e1c ti\u00eau chu\u1ea9n qu\u1ed1c t\u1ebf nh\u01b0 ISO 9001, ISO 14001 v\u00e0 Water Quality Association Gold Seal.<\/p>\n<p>&nbsp;<\/p>","protected":false},"excerpt":{"rendered":"<ul>\n<li>C\u00f4ng ngh\u1ec7 \u0111i\u1ec7n gi\u1ea3i ti\u00ean ti\u1ebfn t\u1ea1o n\u01b0\u1edbc Ion ki\u1ec1m<\/li>\n<li>Thi\u1ebft k\u1ebf nh\u1ecf g\u1ecdn v\u00e0 d\u1ec5 d\u00e0ng s\u1eed d\u1ee5ng<\/li>\n<li>L\u1ecdc n\u01b0\u1edbc c\u1ef1c k\u1ef3 hi\u1ec7u qu\u1ea3, lo\u1ea1i b\u1ecf c\u00e1c t\u1ea1p ch\u1ea5t v\u00e0 t\u0103ng c\u01b0\u1eddng dinh d\u01b0\u1ee1ng<\/li>\n<\/ul>","protected":false},"featured_media":16015,"template":"","meta":{"_eb_attr":""},"product_cat":[20],"product_tag":[],"class_list":{"0":"post-16014","1":"product","2":"type-product","3":"status-publish","4":"has-post-thumbnail","6":"product_cat-may-loc-nuoc","8":"first","9":"instock","10":"shipping-taxable","11":"purchasable","12":"product-type-simple"},"yoast_head":"<!-- This site is optimized with the Yoast SEO plugin v23.9 - https:\/\/yoast.com\/wordpress\/plugins\/seo\/ -->\n<title>Leveluk JRIV: M\u00e1y L\u1ecdc N\u01b0\u1edbc Ion Ki\u1ec1m Ti\u00ean Ti\u1ebfn Cho S\u1ee9c Kh\u1ecfe V\u01b0\u1ee3t Tr\u1ed9i - Wiinconnect - N\u1ec1n t\u1ea3ng k\u1ebft n\u1ed1i \u0111\u1ea1i l\u00fd<\/title>\n<meta name=\"robots\" content=\"index, follow, max-snippet:-1, max-image-preview:large, max-video-preview:-1\" \/>\n<link rel=\"canonical\" href=\"https:\/\/wiinconnect.com\/en\/product\/leveluk-jriv-may-loc-nuoc-ion-kiem-tien-tien-cho-suc-khoe-vuot-troi\/\" \/>\n<meta property=\"og:locale\" content=\"en_US\" \/>\n<meta property=\"og:type\" content=\"article\" \/>\n<meta property=\"og:title\" content=\"Leveluk JRIV: M\u00e1y L\u1ecdc N\u01b0\u1edbc Ion Ki\u1ec1m Ti\u00ean Ti\u1ebfn Cho S\u1ee9c Kh\u1ecfe V\u01b0\u1ee3t Tr\u1ed9i - Wiinconnect - N\u1ec1n t\u1ea3ng k\u1ebft n\u1ed1i \u0111\u1ea1i l\u00fd\" \/>\n<meta property=\"og:description\" content=\"C\u00f4ng ngh\u1ec7 \u0111i\u1ec7n gi\u1ea3i ti\u00ean ti\u1ebfn t\u1ea1o n\u01b0\u1edbc Ion ki\u1ec1m  Thi\u1ebft k\u1ebf nh\u1ecf g\u1ecdn v\u00e0 d\u1ec5 d\u00e0ng s\u1eed d\u1ee5ng  L\u1ecdc n\u01b0\u1edbc c\u1ef1c k\u1ef3 hi\u1ec7u qu\u1ea3, lo\u1ea1i b\u1ecf c\u00e1c t\u1ea1p ch\u1ea5t v\u00e0 t\u0103ng c\u01b0\u1eddng dinh d\u01b0\u1ee1ng\" \/>\n<meta property=\"og:url\" content=\"https:\/\/wiinconnect.com\/en\/product\/leveluk-jriv-may-loc-nuoc-ion-kiem-tien-tien-cho-suc-khoe-vuot-troi\/\" \/>\n<meta property=\"og:site_name\" content=\"Wiinconnect - N\u1ec1n t\u1ea3ng k\u1ebft n\u1ed1i \u0111\u1ea1i l\u00fd\" \/>\n<meta property=\"article:modified_time\" content=\"2024-06-13T13:51:57+00:00\" \/>\n<meta property=\"og:image\" content=\"https:\/\/wiinconnect.com\/wp-content\/uploads\/2024\/06\/product-gallery-jr4-1-2x.jpg\" \/>\n\t<meta property=\"og:image:width\" content=\"580\" \/>\n\t<meta property=\"og:image:height\" content=\"580\" \/>\n\t<meta property=\"og:image:type\" content=\"image\/jpeg\" \/>\n<meta name=\"twitter:card\" content=\"summary_large_image\" \/>\n<meta name=\"twitter:label1\" content=\"Est. reading time\" \/>\n\t<meta name=\"twitter:data1\" content=\"1 minute\" \/>\n<script type=\"application\/ld+json\" class=\"yoast-schema-graph\">{\"@context\":\"https:\/\/schema.org\",\"@graph\":[{\"@type\":\"WebPage\",\"@id\":\"https:\/\/wiinconnect.com\/product\/leveluk-jriv-may-loc-nuoc-ion-kiem-tien-tien-cho-suc-khoe-vuot-troi\/\",\"url\":\"https:\/\/wiinconnect.com\/product\/leveluk-jriv-may-loc-nuoc-ion-kiem-tien-tien-cho-suc-khoe-vuot-troi\/\",\"name\":\"Leveluk JRIV: M\u00e1y L\u1ecdc N\u01b0\u1edbc Ion Ki\u1ec1m Ti\u00ean Ti\u1ebfn Cho S\u1ee9c Kh\u1ecfe V\u01b0\u1ee3t Tr\u1ed9i - Wiinconnect - N\u1ec1n t\u1ea3ng k\u1ebft n\u1ed1i \u0111\u1ea1i l\u00fd\",\"isPartOf\":{\"@id\":\"https:\/\/wiinconnect.com\/#website\"},\"primaryImageOfPage\":{\"@id\":\"https:\/\/wiinconnect.com\/product\/leveluk-jriv-may-loc-nuoc-ion-kiem-tien-tien-cho-suc-khoe-vuot-troi\/#primaryimage\"},\"image\":{\"@id\":\"https:\/\/wiinconnect.com\/product\/leveluk-jriv-may-loc-nuoc-ion-kiem-tien-tien-cho-suc-khoe-vuot-troi\/#primaryimage\"},\"thumbnailUrl\":\"https:\/\/wiinconnect.com\/wp-content\/uploads\/2024\/06\/product-gallery-jr4-1-2x.jpg\",\"datePublished\":\"2024-06-13T13:51:56+00:00\",\"dateModified\":\"2024-06-13T13:51:57+00:00\",\"breadcrumb\":{\"@id\":\"https:\/\/wiinconnect.com\/product\/leveluk-jriv-may-loc-nuoc-ion-kiem-tien-tien-cho-suc-khoe-vuot-troi\/#breadcrumb\"},\"inLanguage\":\"en-US\",\"potentialAction\":[{\"@type\":\"ReadAction\",\"target\":[\"https:\/\/wiinconnect.com\/product\/leveluk-jriv-may-loc-nuoc-ion-kiem-tien-tien-cho-suc-khoe-vuot-troi\/\"]}]},{\"@type\":\"ImageObject\",\"inLanguage\":\"en-US\",\"@id\":\"https:\/\/wiinconnect.com\/product\/leveluk-jriv-may-loc-nuoc-ion-kiem-tien-tien-cho-suc-khoe-vuot-troi\/#primaryimage\",\"url\":\"https:\/\/wiinconnect.com\/wp-content\/uploads\/2024\/06\/product-gallery-jr4-1-2x.jpg\",\"contentUrl\":\"https:\/\/wiinconnect.com\/wp-content\/uploads\/2024\/06\/product-gallery-jr4-1-2x.jpg\",\"width\":580,\"height\":580},{\"@type\":\"BreadcrumbList\",\"@id\":\"https:\/\/wiinconnect.com\/product\/leveluk-jriv-may-loc-nuoc-ion-kiem-tien-tien-cho-suc-khoe-vuot-troi\/#breadcrumb\",\"itemListElement\":[{\"@type\":\"ListItem\",\"position\":1,\"name\":\"Home\",\"item\":\"https:\/\/wiinconnect.com\/\"},{\"@type\":\"ListItem\",\"position\":2,\"name\":\"Shop\",\"item\":\"https:\/\/wiinconnect.com\/shop\/\"},{\"@type\":\"ListItem\",\"position\":3,\"name\":\"Leveluk JRIV: M\u00e1y L\u1ecdc N\u01b0\u1edbc Ion Ki\u1ec1m Ti\u00ean Ti\u1ebfn Cho S\u1ee9c Kh\u1ecfe V\u01b0\u1ee3t Tr\u1ed9i\"}]},{\"@type\":\"WebSite\",\"@id\":\"https:\/\/wiinconnect.com\/#website\",\"url\":\"https:\/\/wiinconnect.com\/\",\"name\":\"Wiinconnect - N\u1ec1n t\u1ea3ng k\u1ebft n\u1ed1i \u0111\u1ea1i l\u00fd\",\"description\":\"Lan t\u1ecfa ngu\u1ed3n n\u01b0\u1edbc s\u1ea1ch\",\"potentialAction\":[{\"@type\":\"SearchAction\",\"target\":{\"@type\":\"EntryPoint\",\"urlTemplate\":\"https:\/\/wiinconnect.com\/?s={search_term_string}\"},\"query-input\":{\"@type\":\"PropertyValueSpecification\",\"valueRequired\":true,\"valueName\":\"search_term_string\"}}],\"inLanguage\":\"en-US\"}]}<\/script>\n<!-- \/ Yoast SEO plugin. -->","yoast_head_json":{"title":"Leveluk JRIV: M\u00e1y L\u1ecdc N\u01b0\u1edbc Ion Ki\u1ec1m Ti\u00ean Ti\u1ebfn Cho S\u1ee9c Kh\u1ecfe V\u01b0\u1ee3t Tr\u1ed9i - Wiinconnect - N\u1ec1n t\u1ea3ng k\u1ebft n\u1ed1i \u0111\u1ea1i l\u00fd","robots":{"index":"index","follow":"follow","max-snippet":"max-snippet:-1","max-image-preview":"max-image-preview:large","max-video-preview":"max-video-preview:-1"},"canonical":"https:\/\/wiinconnect.com\/en\/product\/leveluk-jriv-may-loc-nuoc-ion-kiem-tien-tien-cho-suc-khoe-vuot-troi\/","og_locale":"en_US","og_type":"article","og_title":"Leveluk JRIV: M\u00e1y L\u1ecdc N\u01b0\u1edbc Ion Ki\u1ec1m Ti\u00ean Ti\u1ebfn Cho S\u1ee9c Kh\u1ecfe V\u01b0\u1ee3t Tr\u1ed9i - Wiinconnect - N\u1ec1n t\u1ea3ng k\u1ebft n\u1ed1i \u0111\u1ea1i l\u00fd","og_description":"C\u00f4ng ngh\u1ec7 \u0111i\u1ec7n gi\u1ea3i ti\u00ean ti\u1ebfn t\u1ea1o n\u01b0\u1edbc Ion ki\u1ec1m  Thi\u1ebft k\u1ebf nh\u1ecf g\u1ecdn v\u00e0 d\u1ec5 d\u00e0ng s\u1eed d\u1ee5ng  L\u1ecdc n\u01b0\u1edbc c\u1ef1c k\u1ef3 hi\u1ec7u qu\u1ea3, lo\u1ea1i b\u1ecf c\u00e1c t\u1ea1p ch\u1ea5t v\u00e0 t\u0103ng c\u01b0\u1eddng dinh d\u01b0\u1ee1ng","og_url":"https:\/\/wiinconnect.com\/en\/product\/leveluk-jriv-may-loc-nuoc-ion-kiem-tien-tien-cho-suc-khoe-vuot-troi\/","og_site_name":"Wiinconnect - N\u1ec1n t\u1ea3ng k\u1ebft n\u1ed1i \u0111\u1ea1i l\u00fd","article_modified_time":"2024-06-13T13:51:57+00:00","og_image":[{"width":580,"height":580,"url":"https:\/\/wiinconnect.com\/wp-content\/uploads\/2024\/06\/product-gallery-jr4-1-2x.jpg","type":"image\/jpeg"}],"twitter_card":"summary_large_image","twitter_misc":{"Est. reading time":"1 minute"},"schema":{"@context":"https:\/\/schema.org","@graph":[{"@type":"WebPage","@id":"https:\/\/wiinconnect.com\/product\/leveluk-jriv-may-loc-nuoc-ion-kiem-tien-tien-cho-suc-khoe-vuot-troi\/","url":"https:\/\/wiinconnect.com\/product\/leveluk-jriv-may-loc-nuoc-ion-kiem-tien-tien-cho-suc-khoe-vuot-troi\/","name":"Leveluk JRIV: M\u00e1y L\u1ecdc N\u01b0\u1edbc Ion Ki\u1ec1m Ti\u00ean Ti\u1ebfn Cho S\u1ee9c Kh\u1ecfe V\u01b0\u1ee3t Tr\u1ed9i - Wiinconnect - N\u1ec1n t\u1ea3ng k\u1ebft n\u1ed1i \u0111\u1ea1i l\u00fd","isPartOf":{"@id":"https:\/\/wiinconnect.com\/#website"},"primaryImageOfPage":{"@id":"https:\/\/wiinconnect.com\/product\/leveluk-jriv-may-loc-nuoc-ion-kiem-tien-tien-cho-suc-khoe-vuot-troi\/#primaryimage"},"image":{"@id":"https:\/\/wiinconnect.com\/product\/leveluk-jriv-may-loc-nuoc-ion-kiem-tien-tien-cho-suc-khoe-vuot-troi\/#primaryimage"},"thumbnailUrl":"https:\/\/wiinconnect.com\/wp-content\/uploads\/2024\/06\/product-gallery-jr4-1-2x.jpg","datePublished":"2024-06-13T13:51:56+00:00","dateModified":"2024-06-13T13:51:57+00:00","breadcrumb":{"@id":"https:\/\/wiinconnect.com\/product\/leveluk-jriv-may-loc-nuoc-ion-kiem-tien-tien-cho-suc-khoe-vuot-troi\/#breadcrumb"},"inLanguage":"en-US","potentialAction":[{"@type":"ReadAction","target":["https:\/\/wiinconnect.com\/product\/leveluk-jriv-may-loc-nuoc-ion-kiem-tien-tien-cho-suc-khoe-vuot-troi\/"]}]},{"@type":"ImageObject","inLanguage":"en-US","@id":"https:\/\/wiinconnect.com\/product\/leveluk-jriv-may-loc-nuoc-ion-kiem-tien-tien-cho-suc-khoe-vuot-troi\/#primaryimage","url":"https:\/\/wiinconnect.com\/wp-content\/uploads\/2024\/06\/product-gallery-jr4-1-2x.jpg","contentUrl":"https:\/\/wiinconnect.com\/wp-content\/uploads\/2024\/06\/product-gallery-jr4-1-2x.jpg","width":580,"height":580},{"@type":"BreadcrumbList","@id":"https:\/\/wiinconnect.com\/product\/leveluk-jriv-may-loc-nuoc-ion-kiem-tien-tien-cho-suc-khoe-vuot-troi\/#breadcrumb","itemListElement":[{"@type":"ListItem","position":1,"name":"Home","item":"https:\/\/wiinconnect.com\/"},{"@type":"ListItem","position":2,"name":"Shop","item":"https:\/\/wiinconnect.com\/shop\/"},{"@type":"ListItem","position":3,"name":"Leveluk JRIV: M\u00e1y L\u1ecdc N\u01b0\u1edbc Ion Ki\u1ec1m Ti\u00ean Ti\u1ebfn Cho S\u1ee9c Kh\u1ecfe V\u01b0\u1ee3t Tr\u1ed9i"}]},{"@type":"WebSite","@id":"https:\/\/wiinconnect.com\/#website","url":"https:\/\/wiinconnect.com\/","name":"Wiinconnect - N\u1ec1n t\u1ea3ng k\u1ebft n\u1ed1i \u0111\u1ea1i l\u00fd","description":"Lan t\u1ecfa ngu\u1ed3n n\u01b0\u1edbc s\u1ea1ch","potentialAction":[{"@type":"SearchAction","target":{"@type":"EntryPoint","urlTemplate":"https:\/\/wiinconnect.com\/?s={search_term_string}"},"query-input":{"@type":"PropertyValueSpecification","valueRequired":true,"valueName":"search_term_string"}}],"inLanguage":"en-US"}]}},"_links":{"self":[{"href":"https:\/\/wiinconnect.com\/en\/wp-json\/wp\/v2\/product\/16014","targetHints":{"allow":["GET"]}}],"collection":[{"href":"https:\/\/wiinconnect.com\/en\/wp-json\/wp\/v2\/product"}],"about":[{"href":"https:\/\/wiinconnect.com\/en\/wp-json\/wp\/v2\/types\/product"}],"version-history":[{"count":1,"href":"https:\/\/wiinconnect.com\/en\/wp-json\/wp\/v2\/product\/16014\/revisions"}],"predecessor-version":[{"id":16016,"href":"https:\/\/wiinconnect.com\/en\/wp-json\/wp\/v2\/product\/16014\/revisions\/16016"}],"wp:featuredmedia":[{"embeddable":true,"href":"https:\/\/wiinconnect.com\/en\/wp-json\/wp\/v2\/media\/16015"}],"wp:attachment":[{"href":"https:\/\/wiinconnect.com\/en\/wp-json\/wp\/v2\/media?parent=16014"}],"wp:term":[{"taxonomy":"product_cat","embeddable":true,"href":"https:\/\/wiinconnect.com\/en\/wp-json\/wp\/v2\/product_cat?post=16014"},{"taxonomy":"product_tag","embeddable":true,"href":"https:\/\/wiinconnect.com\/en\/wp-json\/wp\/v2\/product_tag?post=16014"}],"curies":[{"name":"wp","href":"https:\/\/api.w.org\/{rel}","templated":true}]}}