{"id":16008,"date":"2024-06-13T13:42:47","date_gmt":"2024-06-13T13:42:47","guid":{"rendered":"https:\/\/wiinconnect.com\/?post_type=product&#038;p=16008"},"modified":"2024-06-13T13:49:44","modified_gmt":"2024-06-13T13:49:44","slug":"enagic-leveluk-super501-suc-manh-dinh-cao-cua-nuoc-ion-hoa","status":"publish","type":"product","link":"https:\/\/wiinconnect.com\/en\/product\/enagic-leveluk-super501-suc-manh-dinh-cao-cua-nuoc-ion-hoa\/","title":{"rendered":"Enagic LeveLuk Super501: S\u1ee9c M\u1ea1nh \u0110\u1ec9nh Cao C\u1ee7a N\u01b0\u1edbc Ion H\u00f3a"},"content":{"rendered":"<p><strong>Enagic LeveLuk Super501<\/strong> l\u00e0 m\u00e1y t\u1ea1o n\u01b0\u1edbc ion h\u00f3a m\u1ea1nh m\u1ebd nh\u1ea5t, l\u00fd t\u01b0\u1edfng cho gia \u0111\u00ecnh l\u1edbn ho\u1eb7c kinh doanh nh\u1ecf. M\u00e1y s\u1edf h\u1eefu 12 t\u1ea5m \u0111i\u1ec7n c\u1ef1c titan ph\u1ee7 b\u1ea1ch kim, t\u1ea1o ra 5 lo\u1ea1i n\u01b0\u1edbc kh\u00e1c nhau: Strong Kangen Water, Kangen Water\u00ae, Neutral Water, Beauty Water v\u00e0 Strong Acidic Water.<\/p>\n<p>V\u1edbi kh\u1ea3 n\u0103ng s\u1ea3n xu\u1ea5t l\u00ean \u0111\u1ebfn 2 gallon n\u01b0\u1edbc m\u1ed7i ph\u00fat v\u00e0 h\u1ec7 th\u1ed1ng l\u00e0m s\u1ea1ch t\u1ef1 \u0111\u1ed9ng, Super501 \u0111\u1ea3m b\u1ea3o cung c\u1ea5p n\u01b0\u1edbc ch\u1ea5t l\u01b0\u1ee3ng cao li\u00ean t\u1ee5c. M\u00e1y c\u0169ng c\u00f3 t\u00ednh n\u0103ng \u0111i\u1ec1u ch\u1ec9nh \u00e1p l\u1ef1c n\u01b0\u1edbc v\u00e0 th\u00f4ng b\u00e1o thay b\u1ed9 l\u1ecdc th\u00f4ng minh, gi\u00fap ng\u01b0\u1eddi d\u00f9ng d\u1ec5 d\u00e0ng duy tr\u00ec v\u00e0 v\u1eadn h\u00e0nh.<\/p>\n<p>Thi\u1ebft b\u1ecb \u0111\u1ea1t ch\u1ee9ng nh\u1eadn ISO 9001, ISO 14001 v\u00e0 Water Quality Association Gold Seal, \u0111\u1ea3m b\u1ea3o ch\u1ea5t l\u01b0\u1ee3ng v\u00e0 \u0111\u1ed9 tin c\u1eady cao nh\u1ea5t.<\/p>","protected":false},"excerpt":{"rendered":"<ul>\n<li><strong>Hi\u1ec7u su\u1ea5t v\u00f4 song<\/strong>: 12 t\u1ea5m \u0111i\u1ec7n c\u1ef1c titan ph\u1ee7 b\u1ea1ch kim, t\u1ea1o ra 5 lo\u1ea1i n\u01b0\u1edbc ch\u1ea5t l\u01b0\u1ee3ng cao.<\/li>\n<li><strong>C\u00f4ng su\u1ea5t l\u1edbn<\/strong>: S\u1ea3n xu\u1ea5t l\u00ean \u0111\u1ebfn 2 gallon n\u01b0\u1edbc m\u1ed7i ph\u00fat, ph\u00f9 h\u1ee3p cho gia \u0111\u00ecnh l\u1edbn v\u00e0 kinh doanh nh\u1ecf.<\/li>\n<li><strong>V\u1eadn h\u00e0nh d\u1ec5 d\u00e0ng<\/strong>: H\u1ec7 th\u1ed1ng l\u00e0m s\u1ea1ch t\u1ef1 \u0111\u1ed9ng v\u00e0 \u0111i\u1ec1u ch\u1ec9nh \u00e1p l\u1ef1c n\u01b0\u1edbc th\u00f4ng minh.<\/li>\n<li><strong>\u0110\u1ed9 b\u1ec1n v\u00e0 ch\u1ea5t l\u01b0\u1ee3ng<\/strong>: \u0110\u01b0\u1ee3c ch\u1ee9ng nh\u1eadn b\u1edfi ISO 9001, ISO 14001 v\u00e0 Water Quality Association Gold Seal.<\/li>\n<li><strong>Ti\u1ec7n \u00edch cao<\/strong>: T\u00ednh n\u0103ng th\u00f4ng b\u00e1o thay b\u1ed9 l\u1ecdc gi\u00fap duy tr\u00ec hi\u1ec7u su\u1ea5t t\u1ed1i \u01b0u.<\/li>\n<\/ul>","protected":false},"featured_media":16011,"template":"","meta":{"_eb_attr":""},"product_cat":[20],"product_tag":[],"class_list":{"0":"post-16008","1":"product","2":"type-product","3":"status-publish","4":"has-post-thumbnail","6":"product_cat-may-loc-nuoc","8":"first","9":"instock","10":"shipping-taxable","11":"purchasable","12":"product-type-simple"},"yoast_head":"<!-- This site is optimized with the Yoast SEO plugin v23.9 - https:\/\/yoast.com\/wordpress\/plugins\/seo\/ -->\n<title>Enagic LeveLuk Super501: S\u1ee9c M\u1ea1nh \u0110\u1ec9nh Cao C\u1ee7a N\u01b0\u1edbc Ion H\u00f3a - Wiinconnect - N\u1ec1n t\u1ea3ng k\u1ebft n\u1ed1i \u0111\u1ea1i l\u00fd<\/title>\n<meta name=\"robots\" content=\"index, follow, max-snippet:-1, max-image-preview:large, max-video-preview:-1\" \/>\n<link rel=\"canonical\" href=\"https:\/\/wiinconnect.com\/en\/product\/enagic-leveluk-super501-suc-manh-dinh-cao-cua-nuoc-ion-hoa\/\" \/>\n<meta property=\"og:locale\" content=\"en_US\" \/>\n<meta property=\"og:type\" content=\"article\" \/>\n<meta property=\"og:title\" content=\"Enagic LeveLuk Super501: S\u1ee9c M\u1ea1nh \u0110\u1ec9nh Cao C\u1ee7a N\u01b0\u1edbc Ion H\u00f3a - Wiinconnect - N\u1ec1n t\u1ea3ng k\u1ebft n\u1ed1i \u0111\u1ea1i l\u00fd\" \/>\n<meta property=\"og:description\" content=\"Hi\u1ec7u su\u1ea5t v\u00f4 song: 12 t\u1ea5m \u0111i\u1ec7n c\u1ef1c titan ph\u1ee7 b\u1ea1ch kim, t\u1ea1o ra 5 lo\u1ea1i n\u01b0\u1edbc ch\u1ea5t l\u01b0\u1ee3ng cao.  C\u00f4ng su\u1ea5t l\u1edbn: S\u1ea3n xu\u1ea5t l\u00ean \u0111\u1ebfn 2 gallon n\u01b0\u1edbc m\u1ed7i ph\u00fat, ph\u00f9 h\u1ee3p cho gia \u0111\u00ecnh l\u1edbn v\u00e0 kinh doanh nh\u1ecf.  V\u1eadn h\u00e0nh d\u1ec5 d\u00e0ng: H\u1ec7 th\u1ed1ng l\u00e0m s\u1ea1ch t\u1ef1 \u0111\u1ed9ng v\u00e0 \u0111i\u1ec1u ch\u1ec9nh \u00e1p l\u1ef1c n\u01b0\u1edbc th\u00f4ng minh.  \u0110\u1ed9 b\u1ec1n v\u00e0 ch\u1ea5t l\u01b0\u1ee3ng: \u0110\u01b0\u1ee3c ch\u1ee9ng nh\u1eadn b\u1edfi ISO 9001, ISO 14001 v\u00e0 Water Quality Association Gold Seal.  Ti\u1ec7n \u00edch cao: T\u00ednh n\u0103ng th\u00f4ng b\u00e1o thay b\u1ed9 l\u1ecdc gi\u00fap duy tr\u00ec hi\u1ec7u su\u1ea5t t\u1ed1i \u01b0u.\" \/>\n<meta property=\"og:url\" content=\"https:\/\/wiinconnect.com\/en\/product\/enagic-leveluk-super501-suc-manh-dinh-cao-cua-nuoc-ion-hoa\/\" \/>\n<meta property=\"og:site_name\" content=\"Wiinconnect - N\u1ec1n t\u1ea3ng k\u1ebft n\u1ed1i \u0111\u1ea1i l\u00fd\" \/>\n<meta property=\"article:modified_time\" content=\"2024-06-13T13:49:44+00:00\" \/>\n<meta property=\"og:image\" content=\"https:\/\/wiinconnect.com\/wp-content\/uploads\/2024\/06\/product-gallery-super501-2.jpg\" \/>\n\t<meta property=\"og:image:width\" content=\"290\" \/>\n\t<meta property=\"og:image:height\" content=\"289\" \/>\n\t<meta property=\"og:image:type\" content=\"image\/jpeg\" \/>\n<meta name=\"twitter:card\" content=\"summary_large_image\" \/>\n<meta name=\"twitter:label1\" content=\"Est. reading time\" \/>\n\t<meta name=\"twitter:data1\" content=\"1 minute\" \/>\n<script type=\"application\/ld+json\" class=\"yoast-schema-graph\">{\"@context\":\"https:\/\/schema.org\",\"@graph\":[{\"@type\":\"WebPage\",\"@id\":\"https:\/\/wiinconnect.com\/product\/enagic-leveluk-super501-suc-manh-dinh-cao-cua-nuoc-ion-hoa\/\",\"url\":\"https:\/\/wiinconnect.com\/product\/enagic-leveluk-super501-suc-manh-dinh-cao-cua-nuoc-ion-hoa\/\",\"name\":\"Enagic LeveLuk Super501: S\u1ee9c M\u1ea1nh \u0110\u1ec9nh Cao C\u1ee7a N\u01b0\u1edbc Ion H\u00f3a - Wiinconnect - N\u1ec1n t\u1ea3ng k\u1ebft n\u1ed1i \u0111\u1ea1i l\u00fd\",\"isPartOf\":{\"@id\":\"https:\/\/wiinconnect.com\/#website\"},\"primaryImageOfPage\":{\"@id\":\"https:\/\/wiinconnect.com\/product\/enagic-leveluk-super501-suc-manh-dinh-cao-cua-nuoc-ion-hoa\/#primaryimage\"},\"image\":{\"@id\":\"https:\/\/wiinconnect.com\/product\/enagic-leveluk-super501-suc-manh-dinh-cao-cua-nuoc-ion-hoa\/#primaryimage\"},\"thumbnailUrl\":\"https:\/\/wiinconnect.com\/wp-content\/uploads\/2024\/06\/product-gallery-super501-2.jpg\",\"datePublished\":\"2024-06-13T13:42:47+00:00\",\"dateModified\":\"2024-06-13T13:49:44+00:00\",\"breadcrumb\":{\"@id\":\"https:\/\/wiinconnect.com\/product\/enagic-leveluk-super501-suc-manh-dinh-cao-cua-nuoc-ion-hoa\/#breadcrumb\"},\"inLanguage\":\"en-US\",\"potentialAction\":[{\"@type\":\"ReadAction\",\"target\":[\"https:\/\/wiinconnect.com\/product\/enagic-leveluk-super501-suc-manh-dinh-cao-cua-nuoc-ion-hoa\/\"]}]},{\"@type\":\"ImageObject\",\"inLanguage\":\"en-US\",\"@id\":\"https:\/\/wiinconnect.com\/product\/enagic-leveluk-super501-suc-manh-dinh-cao-cua-nuoc-ion-hoa\/#primaryimage\",\"url\":\"https:\/\/wiinconnect.com\/wp-content\/uploads\/2024\/06\/product-gallery-super501-2.jpg\",\"contentUrl\":\"https:\/\/wiinconnect.com\/wp-content\/uploads\/2024\/06\/product-gallery-super501-2.jpg\",\"width\":290,\"height\":289},{\"@type\":\"BreadcrumbList\",\"@id\":\"https:\/\/wiinconnect.com\/product\/enagic-leveluk-super501-suc-manh-dinh-cao-cua-nuoc-ion-hoa\/#breadcrumb\",\"itemListElement\":[{\"@type\":\"ListItem\",\"position\":1,\"name\":\"Home\",\"item\":\"https:\/\/wiinconnect.com\/\"},{\"@type\":\"ListItem\",\"position\":2,\"name\":\"Shop\",\"item\":\"https:\/\/wiinconnect.com\/shop\/\"},{\"@type\":\"ListItem\",\"position\":3,\"name\":\"Enagic LeveLuk Super501: S\u1ee9c M\u1ea1nh \u0110\u1ec9nh Cao C\u1ee7a N\u01b0\u1edbc Ion H\u00f3a\"}]},{\"@type\":\"WebSite\",\"@id\":\"https:\/\/wiinconnect.com\/#website\",\"url\":\"https:\/\/wiinconnect.com\/\",\"name\":\"Wiinconnect - N\u1ec1n t\u1ea3ng k\u1ebft n\u1ed1i \u0111\u1ea1i l\u00fd\",\"description\":\"Lan t\u1ecfa ngu\u1ed3n n\u01b0\u1edbc s\u1ea1ch\",\"potentialAction\":[{\"@type\":\"SearchAction\",\"target\":{\"@type\":\"EntryPoint\",\"urlTemplate\":\"https:\/\/wiinconnect.com\/?s={search_term_string}\"},\"query-input\":{\"@type\":\"PropertyValueSpecification\",\"valueRequired\":true,\"valueName\":\"search_term_string\"}}],\"inLanguage\":\"en-US\"}]}<\/script>\n<!-- \/ Yoast SEO plugin. -->","yoast_head_json":{"title":"Enagic LeveLuk Super501: S\u1ee9c M\u1ea1nh \u0110\u1ec9nh Cao C\u1ee7a N\u01b0\u1edbc Ion H\u00f3a - Wiinconnect - N\u1ec1n t\u1ea3ng k\u1ebft n\u1ed1i \u0111\u1ea1i l\u00fd","robots":{"index":"index","follow":"follow","max-snippet":"max-snippet:-1","max-image-preview":"max-image-preview:large","max-video-preview":"max-video-preview:-1"},"canonical":"https:\/\/wiinconnect.com\/en\/product\/enagic-leveluk-super501-suc-manh-dinh-cao-cua-nuoc-ion-hoa\/","og_locale":"en_US","og_type":"article","og_title":"Enagic LeveLuk Super501: S\u1ee9c M\u1ea1nh \u0110\u1ec9nh Cao C\u1ee7a N\u01b0\u1edbc Ion H\u00f3a - Wiinconnect - N\u1ec1n t\u1ea3ng k\u1ebft n\u1ed1i \u0111\u1ea1i l\u00fd","og_description":"Hi\u1ec7u su\u1ea5t v\u00f4 song: 12 t\u1ea5m \u0111i\u1ec7n c\u1ef1c titan ph\u1ee7 b\u1ea1ch kim, t\u1ea1o ra 5 lo\u1ea1i n\u01b0\u1edbc ch\u1ea5t l\u01b0\u1ee3ng cao.  C\u00f4ng su\u1ea5t l\u1edbn: S\u1ea3n xu\u1ea5t l\u00ean \u0111\u1ebfn 2 gallon n\u01b0\u1edbc m\u1ed7i ph\u00fat, ph\u00f9 h\u1ee3p cho gia \u0111\u00ecnh l\u1edbn v\u00e0 kinh doanh nh\u1ecf.  V\u1eadn h\u00e0nh d\u1ec5 d\u00e0ng: H\u1ec7 th\u1ed1ng l\u00e0m s\u1ea1ch t\u1ef1 \u0111\u1ed9ng v\u00e0 \u0111i\u1ec1u ch\u1ec9nh \u00e1p l\u1ef1c n\u01b0\u1edbc th\u00f4ng minh.  \u0110\u1ed9 b\u1ec1n v\u00e0 ch\u1ea5t l\u01b0\u1ee3ng: \u0110\u01b0\u1ee3c ch\u1ee9ng nh\u1eadn b\u1edfi ISO 9001, ISO 14001 v\u00e0 Water Quality Association Gold Seal.  Ti\u1ec7n \u00edch cao: T\u00ednh n\u0103ng th\u00f4ng b\u00e1o thay b\u1ed9 l\u1ecdc gi\u00fap duy tr\u00ec hi\u1ec7u su\u1ea5t t\u1ed1i \u01b0u.","og_url":"https:\/\/wiinconnect.com\/en\/product\/enagic-leveluk-super501-suc-manh-dinh-cao-cua-nuoc-ion-hoa\/","og_site_name":"Wiinconnect - N\u1ec1n t\u1ea3ng k\u1ebft n\u1ed1i \u0111\u1ea1i l\u00fd","article_modified_time":"2024-06-13T13:49:44+00:00","og_image":[{"width":290,"height":289,"url":"https:\/\/wiinconnect.com\/wp-content\/uploads\/2024\/06\/product-gallery-super501-2.jpg","type":"image\/jpeg"}],"twitter_card":"summary_large_image","twitter_misc":{"Est. reading time":"1 minute"},"schema":{"@context":"https:\/\/schema.org","@graph":[{"@type":"WebPage","@id":"https:\/\/wiinconnect.com\/product\/enagic-leveluk-super501-suc-manh-dinh-cao-cua-nuoc-ion-hoa\/","url":"https:\/\/wiinconnect.com\/product\/enagic-leveluk-super501-suc-manh-dinh-cao-cua-nuoc-ion-hoa\/","name":"Enagic LeveLuk Super501: S\u1ee9c M\u1ea1nh \u0110\u1ec9nh Cao C\u1ee7a N\u01b0\u1edbc Ion H\u00f3a - Wiinconnect - N\u1ec1n t\u1ea3ng k\u1ebft n\u1ed1i \u0111\u1ea1i l\u00fd","isPartOf":{"@id":"https:\/\/wiinconnect.com\/#website"},"primaryImageOfPage":{"@id":"https:\/\/wiinconnect.com\/product\/enagic-leveluk-super501-suc-manh-dinh-cao-cua-nuoc-ion-hoa\/#primaryimage"},"image":{"@id":"https:\/\/wiinconnect.com\/product\/enagic-leveluk-super501-suc-manh-dinh-cao-cua-nuoc-ion-hoa\/#primaryimage"},"thumbnailUrl":"https:\/\/wiinconnect.com\/wp-content\/uploads\/2024\/06\/product-gallery-super501-2.jpg","datePublished":"2024-06-13T13:42:47+00:00","dateModified":"2024-06-13T13:49:44+00:00","breadcrumb":{"@id":"https:\/\/wiinconnect.com\/product\/enagic-leveluk-super501-suc-manh-dinh-cao-cua-nuoc-ion-hoa\/#breadcrumb"},"inLanguage":"en-US","potentialAction":[{"@type":"ReadAction","target":["https:\/\/wiinconnect.com\/product\/enagic-leveluk-super501-suc-manh-dinh-cao-cua-nuoc-ion-hoa\/"]}]},{"@type":"ImageObject","inLanguage":"en-US","@id":"https:\/\/wiinconnect.com\/product\/enagic-leveluk-super501-suc-manh-dinh-cao-cua-nuoc-ion-hoa\/#primaryimage","url":"https:\/\/wiinconnect.com\/wp-content\/uploads\/2024\/06\/product-gallery-super501-2.jpg","contentUrl":"https:\/\/wiinconnect.com\/wp-content\/uploads\/2024\/06\/product-gallery-super501-2.jpg","width":290,"height":289},{"@type":"BreadcrumbList","@id":"https:\/\/wiinconnect.com\/product\/enagic-leveluk-super501-suc-manh-dinh-cao-cua-nuoc-ion-hoa\/#breadcrumb","itemListElement":[{"@type":"ListItem","position":1,"name":"Home","item":"https:\/\/wiinconnect.com\/"},{"@type":"ListItem","position":2,"name":"Shop","item":"https:\/\/wiinconnect.com\/shop\/"},{"@type":"ListItem","position":3,"name":"Enagic LeveLuk Super501: S\u1ee9c M\u1ea1nh \u0110\u1ec9nh Cao C\u1ee7a N\u01b0\u1edbc Ion H\u00f3a"}]},{"@type":"WebSite","@id":"https:\/\/wiinconnect.com\/#website","url":"https:\/\/wiinconnect.com\/","name":"Wiinconnect - N\u1ec1n t\u1ea3ng k\u1ebft n\u1ed1i \u0111\u1ea1i l\u00fd","description":"Lan t\u1ecfa ngu\u1ed3n n\u01b0\u1edbc s\u1ea1ch","potentialAction":[{"@type":"SearchAction","target":{"@type":"EntryPoint","urlTemplate":"https:\/\/wiinconnect.com\/?s={search_term_string}"},"query-input":{"@type":"PropertyValueSpecification","valueRequired":true,"valueName":"search_term_string"}}],"inLanguage":"en-US"}]}},"_links":{"self":[{"href":"https:\/\/wiinconnect.com\/en\/wp-json\/wp\/v2\/product\/16008","targetHints":{"allow":["GET"]}}],"collection":[{"href":"https:\/\/wiinconnect.com\/en\/wp-json\/wp\/v2\/product"}],"about":[{"href":"https:\/\/wiinconnect.com\/en\/wp-json\/wp\/v2\/types\/product"}],"version-history":[{"count":2,"href":"https:\/\/wiinconnect.com\/en\/wp-json\/wp\/v2\/product\/16008\/revisions"}],"predecessor-version":[{"id":16052,"href":"https:\/\/wiinconnect.com\/en\/wp-json\/wp\/v2\/product\/16008\/revisions\/16052"}],"wp:featuredmedia":[{"embeddable":true,"href":"https:\/\/wiinconnect.com\/en\/wp-json\/wp\/v2\/media\/16011"}],"wp:attachment":[{"href":"https:\/\/wiinconnect.com\/en\/wp-json\/wp\/v2\/media?parent=16008"}],"wp:term":[{"taxonomy":"product_cat","embeddable":true,"href":"https:\/\/wiinconnect.com\/en\/wp-json\/wp\/v2\/product_cat?post=16008"},{"taxonomy":"product_tag","embeddable":true,"href":"https:\/\/wiinconnect.com\/en\/wp-json\/wp\/v2\/product_tag?post=16008"}],"curies":[{"name":"wp","href":"https:\/\/api.w.org\/{rel}","templated":true}]}}