{"id":15997,"date":"2024-06-13T13:36:28","date_gmt":"2024-06-13T13:36:28","guid":{"rendered":"https:\/\/wiinconnect.com\/?post_type=product&#038;p=15997"},"modified":"2024-06-13T13:48:36","modified_gmt":"2024-06-13T13:48:36","slug":"enagic-leveluk-sd501-sieu-pham-may-tao-nuoc-ion-hoa-cho-gia-dinh","status":"publish","type":"product","link":"https:\/\/wiinconnect.com\/en\/product\/enagic-leveluk-sd501-sieu-pham-may-tao-nuoc-ion-hoa-cho-gia-dinh\/","title":{"rendered":"Enagic LeveLuk SD501 &#8211; Si\u00eau Ph\u1ea9m M\u00e1y T\u1ea1o N\u01b0\u1edbc Ion H\u00f3a Cho Gia \u0110\u00ecnh"},"content":{"rendered":"<p><strong>Enagic LeveLuk SD501<\/strong> l\u00e0 m\u00e1y t\u1ea1o n\u01b0\u1edbc ion h\u00f3a \u0111\u1ec9nh cao d\u00e0nh cho gia \u0111\u00ecnh, n\u1ed5i b\u1eadt v\u1edbi bu\u1ed3ng \u0111i\u1ec7n ph\u00e2n ch\u1ea5t l\u01b0\u1ee3ng cao nh\u1ea5t hi\u1ec7n c\u00f3. Thi\u1ebft b\u1ecb n\u00e0y s\u1eed d\u1ee5ng 7 t\u1ea5m \u0111i\u1ec7n c\u1ef1c titan ph\u1ee7 b\u1ea1ch kim \u0111\u1ec3 t\u1ea1o ra n\u0103m lo\u1ea1i n\u01b0\u1edbc kh\u00e1c nhau: Strong Kangen Water, Kangen Water\u00ae, Neutral Water, Beauty Water v\u00e0 Strong Acidic Water.<\/p>\n<p>M\u00e0n h\u00ecnh LCD l\u1edbn v\u00e0 h\u01b0\u1edbng d\u1eabn b\u1eb1ng gi\u1ecdng n\u00f3i gi\u00fap ng\u01b0\u1eddi d\u00f9ng d\u1ec5 d\u00e0ng thao t\u00e1c. M\u00e1y c\u00f3 kh\u1ea3 n\u0103ng s\u1ea3n xu\u1ea5t li\u00ean t\u1ee5c 4.5 &#8211; 7.6 l\u00edt n\u01b0\u1edbc Kangen m\u1ed7i ph\u00fat, ph\u00f9 h\u1ee3p cho nhu c\u1ea7u s\u1eed d\u1ee5ng c\u1ee7a c\u1ea3 gia \u0111\u00ecnh.<\/p>\n<p>LeveLuk SD501 c\u00f3 thi\u1ebft k\u1ebf nh\u1ecf g\u1ecdn, ph\u00f9 h\u1ee3p cho vi\u1ec7c l\u1eafp \u0111\u1eb7t trong t\u1ee7 b\u1ebfp. H\u1ec7 th\u1ed1ng l\u00e0m s\u1ea1ch t\u1ef1 \u0111\u1ed9ng v\u00e0 c\u00f4ng ngh\u1ec7 l\u1ecdc th\u00f4ng minh gi\u00fap b\u1ea3o tr\u00ec d\u1ec5 d\u00e0ng v\u00e0 \u0111\u1ea3m b\u1ea3o hi\u1ec7u su\u1ea5t cao. M\u00e1y c\u0169ng c\u00f3 kh\u1ea3 n\u0103ng t\u1ef1 \u0111\u1ed9ng th\u00f4ng b\u00e1o khi c\u1ea7n thay b\u1ed9 l\u1ecdc, \u0111\u1ea3m b\u1ea3o lu\u00f4n cung c\u1ea5p n\u01b0\u1edbc s\u1ea1ch v\u00e0 an to\u00e0n.<\/p>\n<p>\u0110\u00e2y l\u00e0 s\u1ea3n ph\u1ea9m h\u00e0ng \u0111\u1ea7u c\u1ee7a Enagic, \u0111\u01b0\u1ee3c c\u00f4ng nh\u1eadn v\u00e0 ch\u1ee9ng nh\u1eadn b\u1edfi nhi\u1ec1u t\u1ed5 ch\u1ee9c uy t\u00edn nh\u01b0 ISO 9001, ISO 14001 v\u00e0 Water Quality Association Gold Seal. V\u1edbi kh\u1ea3 n\u0103ng t\u1ea1o n\u01b0\u1edbc ion h\u00f3a ch\u1ea5t l\u01b0\u1ee3ng cao, Enagic LeveLuk SD501 l\u00e0 l\u1ef1a ch\u1ecdn ho\u00e0n h\u1ea3o cho s\u1ee9c kh\u1ecfe v\u00e0 nhu c\u1ea7u sinh ho\u1ea1t c\u1ee7a m\u1ecdi gia \u0111\u00ecnh.<\/p>","protected":false},"excerpt":{"rendered":"<ul>\n<li><strong>C\u00f4ng ngh\u1ec7 \u0111\u1ec9nh cao<\/strong>: 7 t\u1ea5m \u0111i\u1ec7n c\u1ef1c titan ph\u1ee7 b\u1ea1ch kim, t\u1ea1o ra 5 lo\u1ea1i n\u01b0\u1edbc ch\u1ea5t l\u01b0\u1ee3ng cao.<\/li>\n<li><strong>D\u1ec5 d\u00e0ng s\u1eed d\u1ee5ng<\/strong>: M\u00e0n h\u00ecnh LCD l\u1edbn v\u00e0 h\u01b0\u1edbng d\u1eabn b\u1eb1ng gi\u1ecdng n\u00f3i r\u00f5 r\u00e0ng.<\/li>\n<li><strong>Hi\u1ec7u su\u1ea5t m\u1ea1nh m\u1ebd<\/strong>: S\u1ea3n xu\u1ea5t 4.5 &#8211; 7.6 l\u00edt n\u01b0\u1edbc ion h\u00f3a m\u1ed7i ph\u00fat.<\/li>\n<li><strong>B\u1ea3o tr\u00ec \u0111\u01a1n gi\u1ea3n<\/strong>: H\u1ec7 th\u1ed1ng l\u00e0m s\u1ea1ch t\u1ef1 \u0111\u1ed9ng v\u00e0 c\u00f4ng ngh\u1ec7 l\u1ecdc th\u00f4ng minh.<\/li>\n<li><strong>Ch\u1ee9ng nh\u1eadn uy t\u00edn<\/strong>: \u0110\u1ea1t chu\u1ea9n ISO 9001, ISO 14001 v\u00e0 Water Quality Association Gold Seal.<\/li>\n<\/ul>","protected":false},"featured_media":16005,"template":"","meta":{"_eb_attr":""},"product_cat":[20],"product_tag":[],"class_list":{"0":"post-15997","1":"product","2":"type-product","3":"status-publish","4":"has-post-thumbnail","6":"product_cat-may-loc-nuoc","8":"first","9":"instock","10":"shipping-taxable","11":"purchasable","12":"product-type-simple"},"yoast_head":"<!-- This site is optimized with the Yoast SEO plugin v23.9 - https:\/\/yoast.com\/wordpress\/plugins\/seo\/ -->\n<title>Enagic LeveLuk SD501 - Si\u00eau Ph\u1ea9m M\u00e1y T\u1ea1o N\u01b0\u1edbc Ion H\u00f3a Cho Gia \u0110\u00ecnh - Wiinconnect - N\u1ec1n t\u1ea3ng k\u1ebft n\u1ed1i \u0111\u1ea1i l\u00fd<\/title>\n<meta name=\"robots\" content=\"index, follow, max-snippet:-1, max-image-preview:large, max-video-preview:-1\" \/>\n<link rel=\"canonical\" href=\"https:\/\/wiinconnect.com\/en\/product\/enagic-leveluk-sd501-sieu-pham-may-tao-nuoc-ion-hoa-cho-gia-dinh\/\" \/>\n<meta property=\"og:locale\" content=\"en_US\" \/>\n<meta property=\"og:type\" content=\"article\" \/>\n<meta property=\"og:title\" content=\"Enagic LeveLuk SD501 - Si\u00eau Ph\u1ea9m M\u00e1y T\u1ea1o N\u01b0\u1edbc Ion H\u00f3a Cho Gia \u0110\u00ecnh - Wiinconnect - N\u1ec1n t\u1ea3ng k\u1ebft n\u1ed1i \u0111\u1ea1i l\u00fd\" \/>\n<meta property=\"og:description\" content=\"C\u00f4ng ngh\u1ec7 \u0111\u1ec9nh cao: 7 t\u1ea5m \u0111i\u1ec7n c\u1ef1c titan ph\u1ee7 b\u1ea1ch kim, t\u1ea1o ra 5 lo\u1ea1i n\u01b0\u1edbc ch\u1ea5t l\u01b0\u1ee3ng cao.  D\u1ec5 d\u00e0ng s\u1eed d\u1ee5ng: M\u00e0n h\u00ecnh LCD l\u1edbn v\u00e0 h\u01b0\u1edbng d\u1eabn b\u1eb1ng gi\u1ecdng n\u00f3i r\u00f5 r\u00e0ng.  Hi\u1ec7u su\u1ea5t m\u1ea1nh m\u1ebd: S\u1ea3n xu\u1ea5t 4.5 - 7.6 l\u00edt n\u01b0\u1edbc ion h\u00f3a m\u1ed7i ph\u00fat.  B\u1ea3o tr\u00ec \u0111\u01a1n gi\u1ea3n: H\u1ec7 th\u1ed1ng l\u00e0m s\u1ea1ch t\u1ef1 \u0111\u1ed9ng v\u00e0 c\u00f4ng ngh\u1ec7 l\u1ecdc th\u00f4ng minh.  Ch\u1ee9ng nh\u1eadn uy t\u00edn: \u0110\u1ea1t chu\u1ea9n ISO 9001, ISO 14001 v\u00e0 Water Quality Association Gold Seal.\" \/>\n<meta property=\"og:url\" content=\"https:\/\/wiinconnect.com\/en\/product\/enagic-leveluk-sd501-sieu-pham-may-tao-nuoc-ion-hoa-cho-gia-dinh\/\" \/>\n<meta property=\"og:site_name\" content=\"Wiinconnect - N\u1ec1n t\u1ea3ng k\u1ebft n\u1ed1i \u0111\u1ea1i l\u00fd\" \/>\n<meta property=\"article:modified_time\" content=\"2024-06-13T13:48:36+00:00\" \/>\n<meta property=\"og:image\" content=\"https:\/\/wiinconnect.com\/wp-content\/uploads\/2024\/06\/z5534982917144_32b9669be606a462db5ef31f1e988902-1.jpg\" \/>\n\t<meta property=\"og:image:width\" content=\"725\" \/>\n\t<meta property=\"og:image:height\" content=\"726\" \/>\n\t<meta property=\"og:image:type\" content=\"image\/jpeg\" \/>\n<meta name=\"twitter:card\" content=\"summary_large_image\" \/>\n<meta name=\"twitter:label1\" content=\"Est. reading time\" \/>\n\t<meta name=\"twitter:data1\" content=\"2 minutes\" \/>\n<script type=\"application\/ld+json\" class=\"yoast-schema-graph\">{\"@context\":\"https:\/\/schema.org\",\"@graph\":[{\"@type\":\"WebPage\",\"@id\":\"https:\/\/wiinconnect.com\/product\/enagic-leveluk-sd501-sieu-pham-may-tao-nuoc-ion-hoa-cho-gia-dinh\/\",\"url\":\"https:\/\/wiinconnect.com\/product\/enagic-leveluk-sd501-sieu-pham-may-tao-nuoc-ion-hoa-cho-gia-dinh\/\",\"name\":\"Enagic LeveLuk SD501 - Si\u00eau Ph\u1ea9m M\u00e1y T\u1ea1o N\u01b0\u1edbc Ion H\u00f3a Cho Gia \u0110\u00ecnh - Wiinconnect - N\u1ec1n t\u1ea3ng k\u1ebft n\u1ed1i \u0111\u1ea1i l\u00fd\",\"isPartOf\":{\"@id\":\"https:\/\/wiinconnect.com\/#website\"},\"primaryImageOfPage\":{\"@id\":\"https:\/\/wiinconnect.com\/product\/enagic-leveluk-sd501-sieu-pham-may-tao-nuoc-ion-hoa-cho-gia-dinh\/#primaryimage\"},\"image\":{\"@id\":\"https:\/\/wiinconnect.com\/product\/enagic-leveluk-sd501-sieu-pham-may-tao-nuoc-ion-hoa-cho-gia-dinh\/#primaryimage\"},\"thumbnailUrl\":\"https:\/\/wiinconnect.com\/wp-content\/uploads\/2024\/06\/z5534982917144_32b9669be606a462db5ef31f1e988902-1.jpg\",\"datePublished\":\"2024-06-13T13:36:28+00:00\",\"dateModified\":\"2024-06-13T13:48:36+00:00\",\"breadcrumb\":{\"@id\":\"https:\/\/wiinconnect.com\/product\/enagic-leveluk-sd501-sieu-pham-may-tao-nuoc-ion-hoa-cho-gia-dinh\/#breadcrumb\"},\"inLanguage\":\"en-US\",\"potentialAction\":[{\"@type\":\"ReadAction\",\"target\":[\"https:\/\/wiinconnect.com\/product\/enagic-leveluk-sd501-sieu-pham-may-tao-nuoc-ion-hoa-cho-gia-dinh\/\"]}]},{\"@type\":\"ImageObject\",\"inLanguage\":\"en-US\",\"@id\":\"https:\/\/wiinconnect.com\/product\/enagic-leveluk-sd501-sieu-pham-may-tao-nuoc-ion-hoa-cho-gia-dinh\/#primaryimage\",\"url\":\"https:\/\/wiinconnect.com\/wp-content\/uploads\/2024\/06\/z5534982917144_32b9669be606a462db5ef31f1e988902-1.jpg\",\"contentUrl\":\"https:\/\/wiinconnect.com\/wp-content\/uploads\/2024\/06\/z5534982917144_32b9669be606a462db5ef31f1e988902-1.jpg\",\"width\":725,\"height\":726},{\"@type\":\"BreadcrumbList\",\"@id\":\"https:\/\/wiinconnect.com\/product\/enagic-leveluk-sd501-sieu-pham-may-tao-nuoc-ion-hoa-cho-gia-dinh\/#breadcrumb\",\"itemListElement\":[{\"@type\":\"ListItem\",\"position\":1,\"name\":\"Home\",\"item\":\"https:\/\/wiinconnect.com\/\"},{\"@type\":\"ListItem\",\"position\":2,\"name\":\"Shop\",\"item\":\"https:\/\/wiinconnect.com\/shop\/\"},{\"@type\":\"ListItem\",\"position\":3,\"name\":\"Enagic LeveLuk SD501 &#8211; Si\u00eau Ph\u1ea9m M\u00e1y T\u1ea1o N\u01b0\u1edbc Ion H\u00f3a Cho Gia \u0110\u00ecnh\"}]},{\"@type\":\"WebSite\",\"@id\":\"https:\/\/wiinconnect.com\/#website\",\"url\":\"https:\/\/wiinconnect.com\/\",\"name\":\"Wiinconnect - N\u1ec1n t\u1ea3ng k\u1ebft n\u1ed1i \u0111\u1ea1i l\u00fd\",\"description\":\"Lan t\u1ecfa ngu\u1ed3n n\u01b0\u1edbc s\u1ea1ch\",\"potentialAction\":[{\"@type\":\"SearchAction\",\"target\":{\"@type\":\"EntryPoint\",\"urlTemplate\":\"https:\/\/wiinconnect.com\/?s={search_term_string}\"},\"query-input\":{\"@type\":\"PropertyValueSpecification\",\"valueRequired\":true,\"valueName\":\"search_term_string\"}}],\"inLanguage\":\"en-US\"}]}<\/script>\n<!-- \/ Yoast SEO plugin. -->","yoast_head_json":{"title":"Enagic LeveLuk SD501 - Si\u00eau Ph\u1ea9m M\u00e1y T\u1ea1o N\u01b0\u1edbc Ion H\u00f3a Cho Gia \u0110\u00ecnh - Wiinconnect - N\u1ec1n t\u1ea3ng k\u1ebft n\u1ed1i \u0111\u1ea1i l\u00fd","robots":{"index":"index","follow":"follow","max-snippet":"max-snippet:-1","max-image-preview":"max-image-preview:large","max-video-preview":"max-video-preview:-1"},"canonical":"https:\/\/wiinconnect.com\/en\/product\/enagic-leveluk-sd501-sieu-pham-may-tao-nuoc-ion-hoa-cho-gia-dinh\/","og_locale":"en_US","og_type":"article","og_title":"Enagic LeveLuk SD501 - Si\u00eau Ph\u1ea9m M\u00e1y T\u1ea1o N\u01b0\u1edbc Ion H\u00f3a Cho Gia \u0110\u00ecnh - Wiinconnect - N\u1ec1n t\u1ea3ng k\u1ebft n\u1ed1i \u0111\u1ea1i l\u00fd","og_description":"C\u00f4ng ngh\u1ec7 \u0111\u1ec9nh cao: 7 t\u1ea5m \u0111i\u1ec7n c\u1ef1c titan ph\u1ee7 b\u1ea1ch kim, t\u1ea1o ra 5 lo\u1ea1i n\u01b0\u1edbc ch\u1ea5t l\u01b0\u1ee3ng cao.  D\u1ec5 d\u00e0ng s\u1eed d\u1ee5ng: M\u00e0n h\u00ecnh LCD l\u1edbn v\u00e0 h\u01b0\u1edbng d\u1eabn b\u1eb1ng gi\u1ecdng n\u00f3i r\u00f5 r\u00e0ng.  Hi\u1ec7u su\u1ea5t m\u1ea1nh m\u1ebd: S\u1ea3n xu\u1ea5t 4.5 - 7.6 l\u00edt n\u01b0\u1edbc ion h\u00f3a m\u1ed7i ph\u00fat.  B\u1ea3o tr\u00ec \u0111\u01a1n gi\u1ea3n: H\u1ec7 th\u1ed1ng l\u00e0m s\u1ea1ch t\u1ef1 \u0111\u1ed9ng v\u00e0 c\u00f4ng ngh\u1ec7 l\u1ecdc th\u00f4ng minh.  Ch\u1ee9ng nh\u1eadn uy t\u00edn: \u0110\u1ea1t chu\u1ea9n ISO 9001, ISO 14001 v\u00e0 Water Quality Association Gold Seal.","og_url":"https:\/\/wiinconnect.com\/en\/product\/enagic-leveluk-sd501-sieu-pham-may-tao-nuoc-ion-hoa-cho-gia-dinh\/","og_site_name":"Wiinconnect - N\u1ec1n t\u1ea3ng k\u1ebft n\u1ed1i \u0111\u1ea1i l\u00fd","article_modified_time":"2024-06-13T13:48:36+00:00","og_image":[{"width":725,"height":726,"url":"https:\/\/wiinconnect.com\/wp-content\/uploads\/2024\/06\/z5534982917144_32b9669be606a462db5ef31f1e988902-1.jpg","type":"image\/jpeg"}],"twitter_card":"summary_large_image","twitter_misc":{"Est. reading time":"2 minutes"},"schema":{"@context":"https:\/\/schema.org","@graph":[{"@type":"WebPage","@id":"https:\/\/wiinconnect.com\/product\/enagic-leveluk-sd501-sieu-pham-may-tao-nuoc-ion-hoa-cho-gia-dinh\/","url":"https:\/\/wiinconnect.com\/product\/enagic-leveluk-sd501-sieu-pham-may-tao-nuoc-ion-hoa-cho-gia-dinh\/","name":"Enagic LeveLuk SD501 - Si\u00eau Ph\u1ea9m M\u00e1y T\u1ea1o N\u01b0\u1edbc Ion H\u00f3a Cho Gia \u0110\u00ecnh - Wiinconnect - N\u1ec1n t\u1ea3ng k\u1ebft n\u1ed1i \u0111\u1ea1i l\u00fd","isPartOf":{"@id":"https:\/\/wiinconnect.com\/#website"},"primaryImageOfPage":{"@id":"https:\/\/wiinconnect.com\/product\/enagic-leveluk-sd501-sieu-pham-may-tao-nuoc-ion-hoa-cho-gia-dinh\/#primaryimage"},"image":{"@id":"https:\/\/wiinconnect.com\/product\/enagic-leveluk-sd501-sieu-pham-may-tao-nuoc-ion-hoa-cho-gia-dinh\/#primaryimage"},"thumbnailUrl":"https:\/\/wiinconnect.com\/wp-content\/uploads\/2024\/06\/z5534982917144_32b9669be606a462db5ef31f1e988902-1.jpg","datePublished":"2024-06-13T13:36:28+00:00","dateModified":"2024-06-13T13:48:36+00:00","breadcrumb":{"@id":"https:\/\/wiinconnect.com\/product\/enagic-leveluk-sd501-sieu-pham-may-tao-nuoc-ion-hoa-cho-gia-dinh\/#breadcrumb"},"inLanguage":"en-US","potentialAction":[{"@type":"ReadAction","target":["https:\/\/wiinconnect.com\/product\/enagic-leveluk-sd501-sieu-pham-may-tao-nuoc-ion-hoa-cho-gia-dinh\/"]}]},{"@type":"ImageObject","inLanguage":"en-US","@id":"https:\/\/wiinconnect.com\/product\/enagic-leveluk-sd501-sieu-pham-may-tao-nuoc-ion-hoa-cho-gia-dinh\/#primaryimage","url":"https:\/\/wiinconnect.com\/wp-content\/uploads\/2024\/06\/z5534982917144_32b9669be606a462db5ef31f1e988902-1.jpg","contentUrl":"https:\/\/wiinconnect.com\/wp-content\/uploads\/2024\/06\/z5534982917144_32b9669be606a462db5ef31f1e988902-1.jpg","width":725,"height":726},{"@type":"BreadcrumbList","@id":"https:\/\/wiinconnect.com\/product\/enagic-leveluk-sd501-sieu-pham-may-tao-nuoc-ion-hoa-cho-gia-dinh\/#breadcrumb","itemListElement":[{"@type":"ListItem","position":1,"name":"Home","item":"https:\/\/wiinconnect.com\/"},{"@type":"ListItem","position":2,"name":"Shop","item":"https:\/\/wiinconnect.com\/shop\/"},{"@type":"ListItem","position":3,"name":"Enagic LeveLuk SD501 &#8211; Si\u00eau Ph\u1ea9m M\u00e1y T\u1ea1o N\u01b0\u1edbc Ion H\u00f3a Cho Gia \u0110\u00ecnh"}]},{"@type":"WebSite","@id":"https:\/\/wiinconnect.com\/#website","url":"https:\/\/wiinconnect.com\/","name":"Wiinconnect - N\u1ec1n t\u1ea3ng k\u1ebft n\u1ed1i \u0111\u1ea1i l\u00fd","description":"Lan t\u1ecfa ngu\u1ed3n n\u01b0\u1edbc s\u1ea1ch","potentialAction":[{"@type":"SearchAction","target":{"@type":"EntryPoint","urlTemplate":"https:\/\/wiinconnect.com\/?s={search_term_string}"},"query-input":{"@type":"PropertyValueSpecification","valueRequired":true,"valueName":"search_term_string"}}],"inLanguage":"en-US"}]}},"_links":{"self":[{"href":"https:\/\/wiinconnect.com\/en\/wp-json\/wp\/v2\/product\/15997","targetHints":{"allow":["GET"]}}],"collection":[{"href":"https:\/\/wiinconnect.com\/en\/wp-json\/wp\/v2\/product"}],"about":[{"href":"https:\/\/wiinconnect.com\/en\/wp-json\/wp\/v2\/types\/product"}],"version-history":[{"count":2,"href":"https:\/\/wiinconnect.com\/en\/wp-json\/wp\/v2\/product\/15997\/revisions"}],"predecessor-version":[{"id":16039,"href":"https:\/\/wiinconnect.com\/en\/wp-json\/wp\/v2\/product\/15997\/revisions\/16039"}],"wp:featuredmedia":[{"embeddable":true,"href":"https:\/\/wiinconnect.com\/en\/wp-json\/wp\/v2\/media\/16005"}],"wp:attachment":[{"href":"https:\/\/wiinconnect.com\/en\/wp-json\/wp\/v2\/media?parent=15997"}],"wp:term":[{"taxonomy":"product_cat","embeddable":true,"href":"https:\/\/wiinconnect.com\/en\/wp-json\/wp\/v2\/product_cat?post=15997"},{"taxonomy":"product_tag","embeddable":true,"href":"https:\/\/wiinconnect.com\/en\/wp-json\/wp\/v2\/product_tag?post=15997"}],"curies":[{"name":"wp","href":"https:\/\/api.w.org\/{rel}","templated":true}]}}