{"id":15990,"date":"2024-06-13T13:39:16","date_gmt":"2024-06-13T13:39:16","guid":{"rendered":"https:\/\/wiinconnect.com\/?post_type=product&#038;p=15990"},"modified":"2024-06-13T13:49:16","modified_gmt":"2024-06-13T13:49:16","slug":"enagic-leveluk-sd501-platinum-dinh-cao-cong-nghe-nuoc-ion-hoa-cho-gia-dinh","status":"publish","type":"product","link":"https:\/\/wiinconnect.com\/en\/product\/enagic-leveluk-sd501-platinum-dinh-cao-cong-nghe-nuoc-ion-hoa-cho-gia-dinh\/","title":{"rendered":"Enagic LeveLuk SD501 Platinum: \u0110\u1ec9nh Cao C\u00f4ng Ngh\u1ec7 N\u01b0\u1edbc Ion H\u00f3a Cho Gia \u0110\u00ecnh"},"content":{"rendered":"<p>LeveLuk SD501 Platinum t\u1eeb Enagic l\u00e0 m\u00e1y ion h\u00f3a n\u01b0\u1edbc gia \u0111\u00ecnh h\u00e0ng \u0111\u1ea7u, c\u00f3 thi\u1ebft k\u1ebf ki\u1ec3u d\u00e1ng \u0111\u1eb9p v\u00e0 ch\u1ee9c n\u0103ng cao. N\u00f3 bao g\u1ed3m m\u1ed9t bu\u1ed3ng \u0111i\u1ec7n ph\u00e2n t\u00edch h\u1ee3p v\u1edbi b\u1ea3y t\u1ea5m titan ph\u1ee7 b\u1ea1ch kim, t\u1ea1o ra n\u0103m lo\u1ea1i n\u01b0\u1edbc: N\u01b0\u1edbc Kangen m\u1ea1nh, N\u01b0\u1edbc\u00ae Kangen, N\u01b0\u1edbc trung t\u00ednh, N\u01b0\u1edbc l\u00e0m \u0111\u1eb9p v\u00e0 N\u01b0\u1edbc c\u00f3 t\u00ednh axit m\u1ea1nh. M\u00e1y th\u00e2n thi\u1ec7n v\u1edbi ng\u01b0\u1eddi d\u00f9ng, v\u1edbi m\u00e0n h\u00ecnh LCD l\u1edbn v\u00e0 l\u1eddi nh\u1eafc b\u1eb1ng gi\u1ecdng n\u00f3i c\u00f3 s\u1eb5n b\u1eb1ng n\u0103m ng\u00f4n ng\u1eef. N\u00f3 cung c\u1ea5p hi\u1ec7u su\u1ea5t hi\u1ec7u qu\u1ea3, t\u1ea1o ra 1,2 \u0111\u1ebfn 2 gallon n\u01b0\u1edbc ion h\u00f3a m\u1ed7i ph\u00fat. Thi\u1ebft b\u1ecb ho\u00e0n to\u00e0n t\u1ef1 \u0111\u1ed9ng v\u1edbi c\u00f4ng ngh\u1ec7 l\u1ecdc th\u00f4ng minh v\u00e0 b\u1ea3o h\u00e0nh n\u0103m n\u0103m.<\/p>\n<p>&nbsp;<\/p>","protected":false},"excerpt":{"rendered":"<ul>\n<li><strong>Thi\u1ebft k\u1ebf sang tr\u1ecdng<\/strong>: V\u1edbi m\u00e0n h\u00ecnh LCD l\u1edbn v\u00e0 h\u01b0\u1edbng d\u1eabn b\u1eb1ng gi\u1ecdng n\u00f3i d\u1ec5 hi\u1ec3u.<\/li>\n<li><strong>Hi\u1ec7u su\u1ea5t v\u01b0\u1ee3t tr\u1ed9i<\/strong>: 7 t\u1ea5m \u0111i\u1ec7n c\u1ef1c titan ph\u1ee7 b\u1ea1ch kim, t\u1ea1o ra 5 lo\u1ea1i n\u01b0\u1edbc kh\u00e1c nhau \u0111\u00e1p \u1ee9ng \u0111a d\u1ea1ng nhu c\u1ea7u.<\/li>\n<li><strong>S\u1ea3n xu\u1ea5t nhanh ch\u00f3ng<\/strong>: T\u1ea1o ra 1.2 &#8211; 2 gallon n\u01b0\u1edbc ion h\u00f3a m\u1ed7i ph\u00fat.<\/li>\n<li><strong>\u0110a ng\u00f4n ng\u1eef<\/strong>: H\u1ed7 tr\u1ee3 5 ng\u00f4n ng\u1eef, ph\u00f9 h\u1ee3p cho nhi\u1ec1u gia \u0111\u00ecnh tr\u00ean th\u1ebf gi\u1edbi.<\/li>\n<li><strong>B\u1ea3o tr\u00ec d\u1ec5 d\u00e0ng<\/strong>: T\u00ednh n\u0103ng t\u1ef1 \u0111\u1ed9ng l\u00e0m s\u1ea1ch v\u00e0 c\u00f4ng ngh\u1ec7 l\u1ecdc th\u00f4ng minh gi\u00fap duy tr\u00ec hi\u1ec7u su\u1ea5t cao.<\/li>\n<\/ul>","protected":false},"featured_media":15994,"template":"","meta":{"_eb_attr":""},"product_cat":[20],"product_tag":[],"class_list":{"0":"post-15990","1":"product","2":"type-product","3":"status-publish","4":"has-post-thumbnail","6":"product_cat-may-loc-nuoc","8":"first","9":"instock","10":"shipping-taxable","11":"purchasable","12":"product-type-simple"},"yoast_head":"<!-- This site is optimized with the Yoast SEO plugin v23.9 - https:\/\/yoast.com\/wordpress\/plugins\/seo\/ -->\n<title>Enagic LeveLuk SD501 Platinum: \u0110\u1ec9nh Cao C\u00f4ng Ngh\u1ec7 N\u01b0\u1edbc Ion H\u00f3a Cho Gia \u0110\u00ecnh - Wiinconnect - N\u1ec1n t\u1ea3ng k\u1ebft n\u1ed1i \u0111\u1ea1i l\u00fd<\/title>\n<meta name=\"robots\" content=\"index, follow, max-snippet:-1, max-image-preview:large, max-video-preview:-1\" \/>\n<link rel=\"canonical\" href=\"https:\/\/wiinconnect.com\/en\/product\/enagic-leveluk-sd501-platinum-dinh-cao-cong-nghe-nuoc-ion-hoa-cho-gia-dinh\/\" \/>\n<meta property=\"og:locale\" content=\"en_US\" \/>\n<meta property=\"og:type\" content=\"article\" \/>\n<meta property=\"og:title\" content=\"Enagic LeveLuk SD501 Platinum: \u0110\u1ec9nh Cao C\u00f4ng Ngh\u1ec7 N\u01b0\u1edbc Ion H\u00f3a Cho Gia \u0110\u00ecnh - Wiinconnect - N\u1ec1n t\u1ea3ng k\u1ebft n\u1ed1i \u0111\u1ea1i l\u00fd\" \/>\n<meta property=\"og:description\" content=\"Thi\u1ebft k\u1ebf sang tr\u1ecdng: V\u1edbi m\u00e0n h\u00ecnh LCD l\u1edbn v\u00e0 h\u01b0\u1edbng d\u1eabn b\u1eb1ng gi\u1ecdng n\u00f3i d\u1ec5 hi\u1ec3u.  Hi\u1ec7u su\u1ea5t v\u01b0\u1ee3t tr\u1ed9i: 7 t\u1ea5m \u0111i\u1ec7n c\u1ef1c titan ph\u1ee7 b\u1ea1ch kim, t\u1ea1o ra 5 lo\u1ea1i n\u01b0\u1edbc kh\u00e1c nhau \u0111\u00e1p \u1ee9ng \u0111a d\u1ea1ng nhu c\u1ea7u.  S\u1ea3n xu\u1ea5t nhanh ch\u00f3ng: T\u1ea1o ra 1.2 - 2 gallon n\u01b0\u1edbc ion h\u00f3a m\u1ed7i ph\u00fat.  \u0110a ng\u00f4n ng\u1eef: H\u1ed7 tr\u1ee3 5 ng\u00f4n ng\u1eef, ph\u00f9 h\u1ee3p cho nhi\u1ec1u gia \u0111\u00ecnh tr\u00ean th\u1ebf gi\u1edbi.  B\u1ea3o tr\u00ec d\u1ec5 d\u00e0ng: T\u00ednh n\u0103ng t\u1ef1 \u0111\u1ed9ng l\u00e0m s\u1ea1ch v\u00e0 c\u00f4ng ngh\u1ec7 l\u1ecdc th\u00f4ng minh gi\u00fap duy tr\u00ec hi\u1ec7u su\u1ea5t cao.\" \/>\n<meta property=\"og:url\" content=\"https:\/\/wiinconnect.com\/en\/product\/enagic-leveluk-sd501-platinum-dinh-cao-cong-nghe-nuoc-ion-hoa-cho-gia-dinh\/\" \/>\n<meta property=\"og:site_name\" content=\"Wiinconnect - N\u1ec1n t\u1ea3ng k\u1ebft n\u1ed1i \u0111\u1ea1i l\u00fd\" \/>\n<meta property=\"article:modified_time\" content=\"2024-06-13T13:49:16+00:00\" \/>\n<meta property=\"og:image\" content=\"https:\/\/wiinconnect.com\/wp-content\/uploads\/2024\/06\/z5534950749855_090bbc7fa19c82c4568dfdbd9a6c9f3a.jpg\" \/>\n\t<meta property=\"og:image:width\" content=\"724\" \/>\n\t<meta property=\"og:image:height\" content=\"723\" \/>\n\t<meta property=\"og:image:type\" content=\"image\/jpeg\" \/>\n<meta name=\"twitter:card\" content=\"summary_large_image\" \/>\n<meta name=\"twitter:label1\" content=\"Est. reading time\" \/>\n\t<meta name=\"twitter:data1\" content=\"1 minute\" \/>\n<script type=\"application\/ld+json\" class=\"yoast-schema-graph\">{\"@context\":\"https:\/\/schema.org\",\"@graph\":[{\"@type\":\"WebPage\",\"@id\":\"https:\/\/wiinconnect.com\/product\/enagic-leveluk-sd501-platinum-dinh-cao-cong-nghe-nuoc-ion-hoa-cho-gia-dinh\/\",\"url\":\"https:\/\/wiinconnect.com\/product\/enagic-leveluk-sd501-platinum-dinh-cao-cong-nghe-nuoc-ion-hoa-cho-gia-dinh\/\",\"name\":\"Enagic LeveLuk SD501 Platinum: \u0110\u1ec9nh Cao C\u00f4ng Ngh\u1ec7 N\u01b0\u1edbc Ion H\u00f3a Cho Gia \u0110\u00ecnh - Wiinconnect - N\u1ec1n t\u1ea3ng k\u1ebft n\u1ed1i \u0111\u1ea1i l\u00fd\",\"isPartOf\":{\"@id\":\"https:\/\/wiinconnect.com\/#website\"},\"primaryImageOfPage\":{\"@id\":\"https:\/\/wiinconnect.com\/product\/enagic-leveluk-sd501-platinum-dinh-cao-cong-nghe-nuoc-ion-hoa-cho-gia-dinh\/#primaryimage\"},\"image\":{\"@id\":\"https:\/\/wiinconnect.com\/product\/enagic-leveluk-sd501-platinum-dinh-cao-cong-nghe-nuoc-ion-hoa-cho-gia-dinh\/#primaryimage\"},\"thumbnailUrl\":\"https:\/\/wiinconnect.com\/wp-content\/uploads\/2024\/06\/z5534950749855_090bbc7fa19c82c4568dfdbd9a6c9f3a.jpg\",\"datePublished\":\"2024-06-13T13:39:16+00:00\",\"dateModified\":\"2024-06-13T13:49:16+00:00\",\"breadcrumb\":{\"@id\":\"https:\/\/wiinconnect.com\/product\/enagic-leveluk-sd501-platinum-dinh-cao-cong-nghe-nuoc-ion-hoa-cho-gia-dinh\/#breadcrumb\"},\"inLanguage\":\"en-US\",\"potentialAction\":[{\"@type\":\"ReadAction\",\"target\":[\"https:\/\/wiinconnect.com\/product\/enagic-leveluk-sd501-platinum-dinh-cao-cong-nghe-nuoc-ion-hoa-cho-gia-dinh\/\"]}]},{\"@type\":\"ImageObject\",\"inLanguage\":\"en-US\",\"@id\":\"https:\/\/wiinconnect.com\/product\/enagic-leveluk-sd501-platinum-dinh-cao-cong-nghe-nuoc-ion-hoa-cho-gia-dinh\/#primaryimage\",\"url\":\"https:\/\/wiinconnect.com\/wp-content\/uploads\/2024\/06\/z5534950749855_090bbc7fa19c82c4568dfdbd9a6c9f3a.jpg\",\"contentUrl\":\"https:\/\/wiinconnect.com\/wp-content\/uploads\/2024\/06\/z5534950749855_090bbc7fa19c82c4568dfdbd9a6c9f3a.jpg\",\"width\":724,\"height\":723},{\"@type\":\"BreadcrumbList\",\"@id\":\"https:\/\/wiinconnect.com\/product\/enagic-leveluk-sd501-platinum-dinh-cao-cong-nghe-nuoc-ion-hoa-cho-gia-dinh\/#breadcrumb\",\"itemListElement\":[{\"@type\":\"ListItem\",\"position\":1,\"name\":\"Home\",\"item\":\"https:\/\/wiinconnect.com\/\"},{\"@type\":\"ListItem\",\"position\":2,\"name\":\"Shop\",\"item\":\"https:\/\/wiinconnect.com\/shop\/\"},{\"@type\":\"ListItem\",\"position\":3,\"name\":\"Enagic LeveLuk SD501 Platinum: \u0110\u1ec9nh Cao C\u00f4ng Ngh\u1ec7 N\u01b0\u1edbc Ion H\u00f3a Cho Gia \u0110\u00ecnh\"}]},{\"@type\":\"WebSite\",\"@id\":\"https:\/\/wiinconnect.com\/#website\",\"url\":\"https:\/\/wiinconnect.com\/\",\"name\":\"Wiinconnect - N\u1ec1n t\u1ea3ng k\u1ebft n\u1ed1i \u0111\u1ea1i l\u00fd\",\"description\":\"Lan t\u1ecfa ngu\u1ed3n n\u01b0\u1edbc s\u1ea1ch\",\"potentialAction\":[{\"@type\":\"SearchAction\",\"target\":{\"@type\":\"EntryPoint\",\"urlTemplate\":\"https:\/\/wiinconnect.com\/?s={search_term_string}\"},\"query-input\":{\"@type\":\"PropertyValueSpecification\",\"valueRequired\":true,\"valueName\":\"search_term_string\"}}],\"inLanguage\":\"en-US\"}]}<\/script>\n<!-- \/ Yoast SEO plugin. -->","yoast_head_json":{"title":"Enagic LeveLuk SD501 Platinum: \u0110\u1ec9nh Cao C\u00f4ng Ngh\u1ec7 N\u01b0\u1edbc Ion H\u00f3a Cho Gia \u0110\u00ecnh - Wiinconnect - N\u1ec1n t\u1ea3ng k\u1ebft n\u1ed1i \u0111\u1ea1i l\u00fd","robots":{"index":"index","follow":"follow","max-snippet":"max-snippet:-1","max-image-preview":"max-image-preview:large","max-video-preview":"max-video-preview:-1"},"canonical":"https:\/\/wiinconnect.com\/en\/product\/enagic-leveluk-sd501-platinum-dinh-cao-cong-nghe-nuoc-ion-hoa-cho-gia-dinh\/","og_locale":"en_US","og_type":"article","og_title":"Enagic LeveLuk SD501 Platinum: \u0110\u1ec9nh Cao C\u00f4ng Ngh\u1ec7 N\u01b0\u1edbc Ion H\u00f3a Cho Gia \u0110\u00ecnh - Wiinconnect - N\u1ec1n t\u1ea3ng k\u1ebft n\u1ed1i \u0111\u1ea1i l\u00fd","og_description":"Thi\u1ebft k\u1ebf sang tr\u1ecdng: V\u1edbi m\u00e0n h\u00ecnh LCD l\u1edbn v\u00e0 h\u01b0\u1edbng d\u1eabn b\u1eb1ng gi\u1ecdng n\u00f3i d\u1ec5 hi\u1ec3u.  Hi\u1ec7u su\u1ea5t v\u01b0\u1ee3t tr\u1ed9i: 7 t\u1ea5m \u0111i\u1ec7n c\u1ef1c titan ph\u1ee7 b\u1ea1ch kim, t\u1ea1o ra 5 lo\u1ea1i n\u01b0\u1edbc kh\u00e1c nhau \u0111\u00e1p \u1ee9ng \u0111a d\u1ea1ng nhu c\u1ea7u.  S\u1ea3n xu\u1ea5t nhanh ch\u00f3ng: T\u1ea1o ra 1.2 - 2 gallon n\u01b0\u1edbc ion h\u00f3a m\u1ed7i ph\u00fat.  \u0110a ng\u00f4n ng\u1eef: H\u1ed7 tr\u1ee3 5 ng\u00f4n ng\u1eef, ph\u00f9 h\u1ee3p cho nhi\u1ec1u gia \u0111\u00ecnh tr\u00ean th\u1ebf gi\u1edbi.  B\u1ea3o tr\u00ec d\u1ec5 d\u00e0ng: T\u00ednh n\u0103ng t\u1ef1 \u0111\u1ed9ng l\u00e0m s\u1ea1ch v\u00e0 c\u00f4ng ngh\u1ec7 l\u1ecdc th\u00f4ng minh gi\u00fap duy tr\u00ec hi\u1ec7u su\u1ea5t cao.","og_url":"https:\/\/wiinconnect.com\/en\/product\/enagic-leveluk-sd501-platinum-dinh-cao-cong-nghe-nuoc-ion-hoa-cho-gia-dinh\/","og_site_name":"Wiinconnect - N\u1ec1n t\u1ea3ng k\u1ebft n\u1ed1i \u0111\u1ea1i l\u00fd","article_modified_time":"2024-06-13T13:49:16+00:00","og_image":[{"width":724,"height":723,"url":"https:\/\/wiinconnect.com\/wp-content\/uploads\/2024\/06\/z5534950749855_090bbc7fa19c82c4568dfdbd9a6c9f3a.jpg","type":"image\/jpeg"}],"twitter_card":"summary_large_image","twitter_misc":{"Est. reading time":"1 minute"},"schema":{"@context":"https:\/\/schema.org","@graph":[{"@type":"WebPage","@id":"https:\/\/wiinconnect.com\/product\/enagic-leveluk-sd501-platinum-dinh-cao-cong-nghe-nuoc-ion-hoa-cho-gia-dinh\/","url":"https:\/\/wiinconnect.com\/product\/enagic-leveluk-sd501-platinum-dinh-cao-cong-nghe-nuoc-ion-hoa-cho-gia-dinh\/","name":"Enagic LeveLuk SD501 Platinum: \u0110\u1ec9nh Cao C\u00f4ng Ngh\u1ec7 N\u01b0\u1edbc Ion H\u00f3a Cho Gia \u0110\u00ecnh - Wiinconnect - N\u1ec1n t\u1ea3ng k\u1ebft n\u1ed1i \u0111\u1ea1i l\u00fd","isPartOf":{"@id":"https:\/\/wiinconnect.com\/#website"},"primaryImageOfPage":{"@id":"https:\/\/wiinconnect.com\/product\/enagic-leveluk-sd501-platinum-dinh-cao-cong-nghe-nuoc-ion-hoa-cho-gia-dinh\/#primaryimage"},"image":{"@id":"https:\/\/wiinconnect.com\/product\/enagic-leveluk-sd501-platinum-dinh-cao-cong-nghe-nuoc-ion-hoa-cho-gia-dinh\/#primaryimage"},"thumbnailUrl":"https:\/\/wiinconnect.com\/wp-content\/uploads\/2024\/06\/z5534950749855_090bbc7fa19c82c4568dfdbd9a6c9f3a.jpg","datePublished":"2024-06-13T13:39:16+00:00","dateModified":"2024-06-13T13:49:16+00:00","breadcrumb":{"@id":"https:\/\/wiinconnect.com\/product\/enagic-leveluk-sd501-platinum-dinh-cao-cong-nghe-nuoc-ion-hoa-cho-gia-dinh\/#breadcrumb"},"inLanguage":"en-US","potentialAction":[{"@type":"ReadAction","target":["https:\/\/wiinconnect.com\/product\/enagic-leveluk-sd501-platinum-dinh-cao-cong-nghe-nuoc-ion-hoa-cho-gia-dinh\/"]}]},{"@type":"ImageObject","inLanguage":"en-US","@id":"https:\/\/wiinconnect.com\/product\/enagic-leveluk-sd501-platinum-dinh-cao-cong-nghe-nuoc-ion-hoa-cho-gia-dinh\/#primaryimage","url":"https:\/\/wiinconnect.com\/wp-content\/uploads\/2024\/06\/z5534950749855_090bbc7fa19c82c4568dfdbd9a6c9f3a.jpg","contentUrl":"https:\/\/wiinconnect.com\/wp-content\/uploads\/2024\/06\/z5534950749855_090bbc7fa19c82c4568dfdbd9a6c9f3a.jpg","width":724,"height":723},{"@type":"BreadcrumbList","@id":"https:\/\/wiinconnect.com\/product\/enagic-leveluk-sd501-platinum-dinh-cao-cong-nghe-nuoc-ion-hoa-cho-gia-dinh\/#breadcrumb","itemListElement":[{"@type":"ListItem","position":1,"name":"Home","item":"https:\/\/wiinconnect.com\/"},{"@type":"ListItem","position":2,"name":"Shop","item":"https:\/\/wiinconnect.com\/shop\/"},{"@type":"ListItem","position":3,"name":"Enagic LeveLuk SD501 Platinum: \u0110\u1ec9nh Cao C\u00f4ng Ngh\u1ec7 N\u01b0\u1edbc Ion H\u00f3a Cho Gia \u0110\u00ecnh"}]},{"@type":"WebSite","@id":"https:\/\/wiinconnect.com\/#website","url":"https:\/\/wiinconnect.com\/","name":"Wiinconnect - N\u1ec1n t\u1ea3ng k\u1ebft n\u1ed1i \u0111\u1ea1i l\u00fd","description":"Lan t\u1ecfa ngu\u1ed3n n\u01b0\u1edbc s\u1ea1ch","potentialAction":[{"@type":"SearchAction","target":{"@type":"EntryPoint","urlTemplate":"https:\/\/wiinconnect.com\/?s={search_term_string}"},"query-input":{"@type":"PropertyValueSpecification","valueRequired":true,"valueName":"search_term_string"}}],"inLanguage":"en-US"}]}},"_links":{"self":[{"href":"https:\/\/wiinconnect.com\/en\/wp-json\/wp\/v2\/product\/15990","targetHints":{"allow":["GET"]}}],"collection":[{"href":"https:\/\/wiinconnect.com\/en\/wp-json\/wp\/v2\/product"}],"about":[{"href":"https:\/\/wiinconnect.com\/en\/wp-json\/wp\/v2\/types\/product"}],"version-history":[{"count":1,"href":"https:\/\/wiinconnect.com\/en\/wp-json\/wp\/v2\/product\/15990\/revisions"}],"predecessor-version":[{"id":15995,"href":"https:\/\/wiinconnect.com\/en\/wp-json\/wp\/v2\/product\/15990\/revisions\/15995"}],"wp:featuredmedia":[{"embeddable":true,"href":"https:\/\/wiinconnect.com\/en\/wp-json\/wp\/v2\/media\/15994"}],"wp:attachment":[{"href":"https:\/\/wiinconnect.com\/en\/wp-json\/wp\/v2\/media?parent=15990"}],"wp:term":[{"taxonomy":"product_cat","embeddable":true,"href":"https:\/\/wiinconnect.com\/en\/wp-json\/wp\/v2\/product_cat?post=15990"},{"taxonomy":"product_tag","embeddable":true,"href":"https:\/\/wiinconnect.com\/en\/wp-json\/wp\/v2\/product_tag?post=15990"}],"curies":[{"name":"wp","href":"https:\/\/api.w.org\/{rel}","templated":true}]}}